{"id":4272,"date":"2025-08-11T05:37:09","date_gmt":"2025-08-11T05:37:09","guid":{"rendered":"https:\/\/tkcanada.com\/trouver-un-concessionnaire\/"},"modified":"2026-03-25T10:03:59","modified_gmt":"2026-03-25T10:03:59","slug":"trouver-un-concessionnaire","status":"publish","type":"page","link":"https:\/\/tkcanada.com\/fr\/trouver-un-concessionnaire\/","title":{"rendered":"Trouver un concessionnaire"},"content":{"rendered":"\t\t<div data-elementor-type=\"wp-page\" data-elementor-id=\"4272\" class=\"elementor elementor-4272 elementor-3424\" data-elementor-post-type=\"page\">\n\t\t\t\t<div class=\"elementor-element elementor-element-1d0dcaa e-con-full e-flex e-con e-parent\" data-id=\"1d0dcaa\" data-element_type=\"container\" data-e-type=\"container\">\n\t\t<div class=\"elementor-element elementor-element-d650c71 e-flex e-con-boxed e-con e-child\" data-id=\"d650c71\" data-element_type=\"container\" data-e-type=\"container\">\n\t\t\t\t\t<div class=\"e-con-inner\">\n\t\t\t\t<div class=\"elementor-element elementor-element-7286057 elementor-widget elementor-widget-heading\" data-id=\"7286057\" data-element_type=\"widget\" data-e-type=\"widget\" data-widget_type=\"heading.default\">\n\t\t\t\t<div class=\"elementor-widget-container\">\n\t\t\t\t\t<h1 class=\"elementor-heading-title elementor-size-default\">TROUVER UN CONCESSIONNAIRE<\/h1>\t\t\t\t<\/div>\n\t\t\t\t<\/div>\n\t\t\t\t\t<\/div>\n\t\t\t\t<\/div>\n\t\t\t\t<\/div>\n\t\t<div class=\"elementor-element elementor-element-4b31be7 e-con-full e-flex e-con e-parent\" data-id=\"4b31be7\" data-element_type=\"container\" data-e-type=\"container\">\n\t\t<div class=\"elementor-element elementor-element-7f7aecd e-flex e-con-boxed e-con e-child\" data-id=\"7f7aecd\" data-element_type=\"container\" data-e-type=\"container\">\n\t\t\t\t\t<div class=\"e-con-inner\">\n\t\t\t\t<div class=\"elementor-element elementor-element-1cf1f1f elementor-widget elementor-widget-shortcode\" data-id=\"1cf1f1f\" data-element_type=\"widget\" data-e-type=\"widget\" data-widget_type=\"shortcode.default\">\n\t\t\t\t<div class=\"elementor-widget-container\">\n\t\t\t\t\t\t\t<div class=\"elementor-shortcode\"><iframe src=\"https:\/\/locatestore.com\/Z9Y2rw?source=wordpress\"  allow=\"geolocation\" width=\"100%\" height=\"600\" frameBorder=\"0\" allowfullscreen style=\"width:100% !important;max-width:100% !important;margin:10px;\"><\/iframe><\/div>\n\t\t\t\t\t\t<\/div>\n\t\t\t\t<\/div>\n\t\t\t\t\t<\/div>\n\t\t\t\t<\/div>\n\t\t\t\t<\/div>\n\t\t\t\t<\/div>\n\t\t","protected":false},"excerpt":{"rendered":"<p>TROUVER UN CONCESSIONNAIRE<\/p>\n","protected":false},"author":1,"featured_media":0,"parent":0,"menu_order":0,"comment_status":"closed","ping_status":"closed","template":"elementor_header_footer","meta":{"_acf_changed":false,"footnotes":""},"class_list":["post-4272","page","type-page","status-publish","hentry"],"acf":[],"yoast_head":"<!-- This site is optimized with the Yoast SEO plugin v27.2 - https:\/\/yoast.com\/product\/yoast-seo-wordpress\/ -->\n<title>Trouver un concessionnaire Terrain King pr\u00e8s de chez vous | Terrain King Canada<\/title>\n<meta name=\"description\" content=\"Localisez les concessionnaires Terrain King Canada partout au Canada pour les faucheuses \u00e0 bras, les t\u00eates de coupe et les accessoires de tondeuse. Trouvez de l&#039;assistance et des ventes pr\u00e8s de chez vous.\" \/>\n<meta name=\"robots\" content=\"index, follow, max-snippet:-1, max-image-preview:large, max-video-preview:-1\" \/>\n<link rel=\"canonical\" href=\"https:\/\/tkcanada.com\/fr\/trouver-un-concessionnaire\/\" \/>\n<meta property=\"og:locale\" content=\"fr_FR\" \/>\n<meta property=\"og:type\" content=\"article\" \/>\n<meta property=\"og:title\" content=\"Trouver un concessionnaire Terrain King pr\u00e8s de chez vous | Terrain King Canada\" \/>\n<meta property=\"og:description\" content=\"Localisez les concessionnaires Terrain King Canada partout au Canada pour les faucheuses \u00e0 bras, les t\u00eates de coupe et les accessoires de tondeuse. Trouvez de l&#039;assistance et des ventes pr\u00e8s de chez vous.\" \/>\n<meta property=\"og:url\" content=\"https:\/\/tkcanada.com\/fr\/trouver-un-concessionnaire\/\" \/>\n<meta property=\"og:site_name\" content=\"Terrainking Canada\" \/>\n<meta property=\"article:publisher\" content=\"https:\/\/www.facebook.com\/terrain.king\" \/>\n<meta property=\"article:modified_time\" content=\"2026-03-25T10:03:59+00:00\" \/>\n<meta name=\"twitter:card\" content=\"summary_large_image\" \/>\n<script type=\"application\/ld+json\" class=\"yoast-schema-graph\">{\"@context\":\"https:\/\/schema.org\",\"@graph\":[{\"@type\":\"WebPage\",\"@id\":\"https:\/\/tkcanada.com\/fr\/trouver-un-concessionnaire\/\",\"url\":\"https:\/\/tkcanada.com\/fr\/trouver-un-concessionnaire\/\",\"name\":\"Trouver un concessionnaire Terrain King pr\u00e8s de chez vous | Terrain King Canada\",\"isPartOf\":{\"@id\":\"https:\/\/tkcanada.com\/#website\"},\"datePublished\":\"2025-08-11T05:37:09+00:00\",\"dateModified\":\"2026-03-25T10:03:59+00:00\",\"description\":\"Localisez les concessionnaires Terrain King Canada partout au Canada pour les faucheuses \u00e0 bras, les t\u00eates de coupe et les accessoires de tondeuse. Trouvez de l'assistance et des ventes pr\u00e8s de chez vous.\",\"breadcrumb\":{\"@id\":\"https:\/\/tkcanada.com\/fr\/trouver-un-concessionnaire\/#breadcrumb\"},\"inLanguage\":\"fr-FR\",\"potentialAction\":[{\"@type\":\"ReadAction\",\"target\":[\"https:\/\/tkcanada.com\/fr\/trouver-un-concessionnaire\/\"]}]},{\"@type\":\"BreadcrumbList\",\"@id\":\"https:\/\/tkcanada.com\/fr\/trouver-un-concessionnaire\/#breadcrumb\",\"itemListElement\":[{\"@type\":\"ListItem\",\"position\":1,\"name\":\"Home\",\"item\":\"https:\/\/tkcanada.com\/fr\/accueil\/\"},{\"@type\":\"ListItem\",\"position\":2,\"name\":\"Trouver un concessionnaire\"}]},{\"@type\":\"WebSite\",\"@id\":\"https:\/\/tkcanada.com\/#website\",\"url\":\"https:\/\/tkcanada.com\/\",\"name\":\"Terrainking Canada\",\"description\":\"Terrainking Canada\",\"publisher\":{\"@id\":\"https:\/\/tkcanada.com\/#organization\"},\"potentialAction\":[{\"@type\":\"SearchAction\",\"target\":{\"@type\":\"EntryPoint\",\"urlTemplate\":\"https:\/\/tkcanada.com\/?s={search_term_string}\"},\"query-input\":{\"@type\":\"PropertyValueSpecification\",\"valueRequired\":true,\"valueName\":\"search_term_string\"}}],\"inLanguage\":\"fr-FR\"},{\"@type\":\"Organization\",\"@id\":\"https:\/\/tkcanada.com\/#organization\",\"name\":\"TERRAINKING CANADA\",\"alternateName\":\"TERRAINKING CANADA\",\"url\":\"https:\/\/tkcanada.com\/\",\"logo\":{\"@type\":\"ImageObject\",\"inLanguage\":\"fr-FR\",\"@id\":\"https:\/\/tkcanada.com\/#\/schema\/logo\/image\/\",\"url\":\"https:\/\/tkcanada.com\/wp-content\/uploads\/2025\/06\/Logo-5.png\",\"contentUrl\":\"https:\/\/tkcanada.com\/wp-content\/uploads\/2025\/06\/Logo-5.png\",\"width\":330,\"height\":80,\"caption\":\"TERRAINKING CANADA\"},\"image\":{\"@id\":\"https:\/\/tkcanada.com\/#\/schema\/logo\/image\/\"},\"sameAs\":[\"https:\/\/www.facebook.com\/terrain.king\",\"https:\/\/www.linkedin.com\/showcase\/terrain-king\/\",\"https:\/\/www.instagram.com\/terrain.king\/\",\"https:\/\/youtu.be\/nhLqv8on1WE\"]}]}<\/script>\n<!-- \/ Yoast SEO plugin. -->","yoast_head_json":{"title":"Trouver un concessionnaire Terrain King pr\u00e8s de chez vous | Terrain King Canada","description":"Localisez les concessionnaires Terrain King Canada partout au Canada pour les faucheuses \u00e0 bras, les t\u00eates de coupe et les accessoires de tondeuse. Trouvez de l'assistance et des ventes pr\u00e8s de chez vous.","robots":{"index":"index","follow":"follow","max-snippet":"max-snippet:-1","max-image-preview":"max-image-preview:large","max-video-preview":"max-video-preview:-1"},"canonical":"https:\/\/tkcanada.com\/fr\/trouver-un-concessionnaire\/","og_locale":"fr_FR","og_type":"article","og_title":"Trouver un concessionnaire Terrain King pr\u00e8s de chez vous | Terrain King Canada","og_description":"Localisez les concessionnaires Terrain King Canada partout au Canada pour les faucheuses \u00e0 bras, les t\u00eates de coupe et les accessoires de tondeuse. Trouvez de l'assistance et des ventes pr\u00e8s de chez vous.","og_url":"https:\/\/tkcanada.com\/fr\/trouver-un-concessionnaire\/","og_site_name":"Terrainking Canada","article_publisher":"https:\/\/www.facebook.com\/terrain.king","article_modified_time":"2026-03-25T10:03:59+00:00","twitter_card":"summary_large_image","schema":{"@context":"https:\/\/schema.org","@graph":[{"@type":"WebPage","@id":"https:\/\/tkcanada.com\/fr\/trouver-un-concessionnaire\/","url":"https:\/\/tkcanada.com\/fr\/trouver-un-concessionnaire\/","name":"Trouver un concessionnaire Terrain King pr\u00e8s de chez vous | Terrain King Canada","isPartOf":{"@id":"https:\/\/tkcanada.com\/#website"},"datePublished":"2025-08-11T05:37:09+00:00","dateModified":"2026-03-25T10:03:59+00:00","description":"Localisez les concessionnaires Terrain King Canada partout au Canada pour les faucheuses \u00e0 bras, les t\u00eates de coupe et les accessoires de tondeuse. Trouvez de l'assistance et des ventes pr\u00e8s de chez vous.","breadcrumb":{"@id":"https:\/\/tkcanada.com\/fr\/trouver-un-concessionnaire\/#breadcrumb"},"inLanguage":"fr-FR","potentialAction":[{"@type":"ReadAction","target":["https:\/\/tkcanada.com\/fr\/trouver-un-concessionnaire\/"]}]},{"@type":"BreadcrumbList","@id":"https:\/\/tkcanada.com\/fr\/trouver-un-concessionnaire\/#breadcrumb","itemListElement":[{"@type":"ListItem","position":1,"name":"Home","item":"https:\/\/tkcanada.com\/fr\/accueil\/"},{"@type":"ListItem","position":2,"name":"Trouver un concessionnaire"}]},{"@type":"WebSite","@id":"https:\/\/tkcanada.com\/#website","url":"https:\/\/tkcanada.com\/","name":"Terrainking Canada","description":"Terrainking Canada","publisher":{"@id":"https:\/\/tkcanada.com\/#organization"},"potentialAction":[{"@type":"SearchAction","target":{"@type":"EntryPoint","urlTemplate":"https:\/\/tkcanada.com\/?s={search_term_string}"},"query-input":{"@type":"PropertyValueSpecification","valueRequired":true,"valueName":"search_term_string"}}],"inLanguage":"fr-FR"},{"@type":"Organization","@id":"https:\/\/tkcanada.com\/#organization","name":"TERRAINKING CANADA","alternateName":"TERRAINKING CANADA","url":"https:\/\/tkcanada.com\/","logo":{"@type":"ImageObject","inLanguage":"fr-FR","@id":"https:\/\/tkcanada.com\/#\/schema\/logo\/image\/","url":"https:\/\/tkcanada.com\/wp-content\/uploads\/2025\/06\/Logo-5.png","contentUrl":"https:\/\/tkcanada.com\/wp-content\/uploads\/2025\/06\/Logo-5.png","width":330,"height":80,"caption":"TERRAINKING CANADA"},"image":{"@id":"https:\/\/tkcanada.com\/#\/schema\/logo\/image\/"},"sameAs":["https:\/\/www.facebook.com\/terrain.king","https:\/\/www.linkedin.com\/showcase\/terrain-king\/","https:\/\/www.instagram.com\/terrain.king\/","https:\/\/youtu.be\/nhLqv8on1WE"]}]}},"_links":{"self":[{"href":"https:\/\/tkcanada.com\/fr\/wp-json\/wp\/v2\/pages\/4272","targetHints":{"allow":["GET"]}}],"collection":[{"href":"https:\/\/tkcanada.com\/fr\/wp-json\/wp\/v2\/pages"}],"about":[{"href":"https:\/\/tkcanada.com\/fr\/wp-json\/wp\/v2\/types\/page"}],"author":[{"embeddable":true,"href":"https:\/\/tkcanada.com\/fr\/wp-json\/wp\/v2\/users\/1"}],"replies":[{"embeddable":true,"href":"https:\/\/tkcanada.com\/fr\/wp-json\/wp\/v2\/comments?post=4272"}],"version-history":[{"count":1,"href":"https:\/\/tkcanada.com\/fr\/wp-json\/wp\/v2\/pages\/4272\/revisions"}],"predecessor-version":[{"id":4274,"href":"https:\/\/tkcanada.com\/fr\/wp-json\/wp\/v2\/pages\/4272\/revisions\/4274"}],"wp:attachment":[{"href":"https:\/\/tkcanada.com\/fr\/wp-json\/wp\/v2\/media?parent=4272"}],"curies":[{"name":"wp","href":"https:\/\/api.w.org\/{rel}","templated":true}]}}