{"id":4273,"date":"2025-08-08T11:00:06","date_gmt":"2025-08-08T11:00:06","guid":{"rendered":"https:\/\/tkcanada.com\/infolettre\/"},"modified":"2026-03-25T10:04:00","modified_gmt":"2026-03-25T10:04:00","slug":"infolettre","status":"publish","type":"page","link":"https:\/\/tkcanada.com\/fr\/infolettre\/","title":{"rendered":"Infolettre"},"content":{"rendered":"\t\t<div data-elementor-type=\"wp-page\" data-elementor-id=\"4273\" class=\"elementor elementor-4273 elementor-3393\" data-elementor-post-type=\"page\">\n\t\t\t\t<div class=\"elementor-element elementor-element-221d152 e-con-full e-flex e-con e-parent\" data-id=\"221d152\" data-element_type=\"container\" data-e-type=\"container\">\n\t\t<div class=\"elementor-element elementor-element-ad0b7d9 e-flex e-con-boxed e-con e-child\" data-id=\"ad0b7d9\" data-element_type=\"container\" data-e-type=\"container\">\n\t\t\t\t\t<div class=\"e-con-inner\">\n\t\t\t\t<div class=\"elementor-element elementor-element-6798dbd elementor-widget elementor-widget-heading\" data-id=\"6798dbd\" data-element_type=\"widget\" data-e-type=\"widget\" data-widget_type=\"heading.default\">\n\t\t\t\t<div class=\"elementor-widget-container\">\n\t\t\t\t\t<h2 class=\"elementor-heading-title elementor-size-default\">INFOLETTRE\n<\/h2>\t\t\t\t<\/div>\n\t\t\t\t<\/div>\n\t\t\t\t\t<\/div>\n\t\t\t\t<\/div>\n\t\t\t\t<\/div>\n\t\t<div class=\"elementor-element elementor-element-65a0d6d e-con-full e-flex e-con e-parent\" data-id=\"65a0d6d\" data-element_type=\"container\" data-e-type=\"container\">\n\t\t<div class=\"elementor-element elementor-element-2bac0f9 e-flex e-con-boxed e-con e-child\" data-id=\"2bac0f9\" data-element_type=\"container\" data-e-type=\"container\">\n\t\t\t\t\t<div class=\"e-con-inner\">\n\t\t\t\t<div class=\"elementor-element elementor-element-dba3857 elementor-widget elementor-widget-text-editor\" data-id=\"dba3857\" data-element_type=\"widget\" data-e-type=\"widget\" data-widget_type=\"text-editor.default\">\n\t\t\t\t<div class=\"elementor-widget-container\">\n\t\t\t\t\t\t\t\t\t<p>Inscrivez-vous et restez inform\u00e9 des nouvelles de l&rsquo;entreprise et des produits.<br>Nous promettons de ne pas surcharger votre bo\u00eete de r\u00e9ception, mais nous avons des choses extraordinaires \u00e0 partager de temps \u00e0 autre !<\/p>\t\t\t\t\t\t\t\t<\/div>\n\t\t\t\t<\/div>\n\t\t\t\t<div class=\"elementor-element elementor-element-71f1b67 elementor-button-align-center cust-second-contact-form elementor-widget__width-initial elementor-widget elementor-widget-form\" data-id=\"71f1b67\" data-element_type=\"widget\" data-e-type=\"widget\" data-settings=\"{&quot;step_next_label&quot;:&quot;Suivant&quot;,&quot;step_previous_label&quot;:&quot;Pr\\u00e9c\\u00e9dent&quot;,&quot;button_width&quot;:&quot;100&quot;,&quot;step_type&quot;:&quot;number_text&quot;,&quot;step_icon_shape&quot;:&quot;circle&quot;}\" data-widget_type=\"form.default\">\n\t\t\t\t<div class=\"elementor-widget-container\">\n\t\t\t\t\t\t\t<form class=\"elementor-form\" method=\"post\" name=\"Formulaire d&#039;information \" aria-label=\"Formulaire d&#039;information \">\n\t\t\t<input type=\"hidden\" name=\"post_id\" value=\"4273\"\/>\n\t\t\t<input type=\"hidden\" name=\"form_id\" value=\"71f1b67\"\/>\n\t\t\t<input type=\"hidden\" name=\"referer_title\" value=\"Terrainking Canada\" \/>\n\n\t\t\t\n\t\t\t<div class=\"elementor-form-fields-wrapper elementor-labels-\">\n\t\t\t\t\t\t\t\t<div class=\"elementor-field-type-email elementor-field-group elementor-column elementor-field-group-email elementor-col-100 elementor-field-required\">\n\t\t\t\t\t\t\t\t\t\t\t\t<label for=\"form-field-email\" class=\"elementor-field-label elementor-screen-only\">\n\t\t\t\t\t\t\t\tAdresse courriel\t\t\t\t\t\t\t<\/label>\n\t\t\t\t\t\t\t\t\t\t\t\t\t\t<input size=\"1\" type=\"email\" name=\"form_fields[email]\" id=\"form-field-email\" class=\"elementor-field elementor-size-md  elementor-field-textual\" placeholder=\"Adresse courriel\" required=\"required\">\n\t\t\t\t\t\t\t\t\t\t\t<\/div>\n\t\t\t\t\t\t\t\t<div class=\"elementor-field-type-text elementor-field-group elementor-column elementor-field-group-name elementor-col-100 elementor-field-required\">\n\t\t\t\t\t\t\t\t\t\t\t\t<label for=\"form-field-name\" class=\"elementor-field-label elementor-screen-only\">\n\t\t\t\t\t\t\t\tNom\t\t\t\t\t\t\t<\/label>\n\t\t\t\t\t\t\t\t\t\t\t\t\t\t<input size=\"1\" type=\"text\" name=\"form_fields[name]\" id=\"form-field-name\" class=\"elementor-field elementor-size-md  elementor-field-textual\" placeholder=\"Nom\" required=\"required\">\n\t\t\t\t\t\t\t\t\t\t\t<\/div>\n\t\t\t\t\t\t\t\t<div class=\"elementor-field-type-select elementor-field-group elementor-column elementor-field-group-field_e1c0cde elementor-col-100 elementor-field-required\">\n\t\t\t\t\t\t\t\t\t\t\t\t<label for=\"form-field-field_e1c0cde\" class=\"elementor-field-label elementor-screen-only\">\n\t\t\t\t\t\t\t\tSecteur d'activit\u00e9\t\t\t\t\t\t\t<\/label>\n\t\t\t\t\t\t\t\t<div class=\"elementor-field elementor-select-wrapper remove-before \">\n\t\t\t<div class=\"select-caret-down-wrapper\">\n\t\t\t\t<svg aria-hidden=\"true\" class=\"e-font-icon-svg e-eicon-caret-down\" viewBox=\"0 0 571.4 571.4\" xmlns=\"http:\/\/www.w3.org\/2000\/svg\"><path d=\"M571 393Q571 407 561 418L311 668Q300 679 286 679T261 668L11 418Q0 407 0 393T11 368 36 357H536Q550 357 561 368T571 393Z\"><\/path><\/svg>\t\t\t<\/div>\n\t\t\t<select name=\"form_fields[field_e1c0cde]\" id=\"form-field-field_e1c0cde\" class=\"elementor-field-textual elementor-size-md\" required=\"required\">\n\t\t\t\t\t\t\t\t\t<option value=\"Secteur d&#039;activit\u00e9 : \">Secteur d&#039;activit\u00e9 : <\/option>\n\t\t\t\t\t\t\t\t\t<option value=\"Concessionnaire \">Concessionnaire <\/option>\n\t\t\t\t\t\t\t\t\t<option value=\"Gouvernement\">Gouvernement<\/option>\n\t\t\t\t\t\t\t\t\t<option value=\"Utilisateur final\">Utilisateur final<\/option>\n\t\t\t\t\t\t\t\t\t<option value=\"Autre\">Autre<\/option>\n\t\t\t\t\t\t\t<\/select>\n\t\t<\/div>\n\t\t\t\t\t\t<\/div>\n\t\t\t\t\t\t\t\t<div class=\"elementor-field-type-recaptcha_v3 elementor-field-group elementor-column elementor-field-group-field_8fc6a72 elementor-col-100 recaptcha_v3-bottomright\">\n\t\t\t\t\t<div class=\"elementor-field\" id=\"form-field-field_8fc6a72\"><div class=\"elementor-g-recaptcha\" data-sitekey=\"6Lfcm4UrAAAAAHkU7e6ncQJggQwd6WWNvvwMdnuq\" data-type=\"v3\" data-action=\"Form\" data-badge=\"bottomright\" data-size=\"invisible\"><\/div><\/div>\t\t\t\t<\/div>\n\t\t\t\t\t\t\t\t<div class=\"elementor-field-group elementor-column elementor-field-type-submit elementor-col-100 e-form__buttons\">\n\t\t\t\t\t<button class=\"elementor-button elementor-size-sm\" type=\"submit\">\n\t\t\t\t\t\t<span class=\"elementor-button-content-wrapper\">\n\t\t\t\t\t\t\t\t\t\t\t\t\t\t\t\t\t\t\t\t\t\t<span class=\"elementor-button-text\">Nous joindre<\/span>\n\t\t\t\t\t\t\t\t\t\t\t\t\t<\/span>\n\t\t\t\t\t<\/button>\n\t\t\t\t<\/div>\n\t\t\t<\/div>\n\t\t<\/form>\n\t\t\t\t\t\t<\/div>\n\t\t\t\t<\/div>\n\t\t\t\t\t<\/div>\n\t\t\t\t<\/div>\n\t\t\t\t<\/div>\n\t\t\t\t<\/div>\n\t\t","protected":false},"excerpt":{"rendered":"<p>INFOLETTRE Inscrivez-vous et restez inform\u00e9 des nouvelles de l&rsquo;entreprise et des produits.Nous promettons de ne pas surcharger votre bo\u00eete de r\u00e9ception, mais nous avons des choses extraordinaires \u00e0 partager de temps \u00e0 autre !<\/p>\n","protected":false},"author":1,"featured_media":0,"parent":0,"menu_order":0,"comment_status":"closed","ping_status":"closed","template":"elementor_header_footer","meta":{"_acf_changed":false,"footnotes":""},"class_list":["post-4273","page","type-page","status-publish","hentry"],"acf":[],"yoast_head":"<!-- This site is optimized with the Yoast SEO plugin v27.2 - https:\/\/yoast.com\/product\/yoast-seo-wordpress\/ -->\n<title>Infolettre - Terrainking Canada<\/title>\n<meta name=\"robots\" content=\"index, follow, max-snippet:-1, max-image-preview:large, max-video-preview:-1\" \/>\n<link rel=\"canonical\" href=\"https:\/\/tkcanada.com\/fr\/infolettre\/\" \/>\n<meta property=\"og:locale\" content=\"fr_FR\" \/>\n<meta property=\"og:type\" content=\"article\" \/>\n<meta property=\"og:title\" content=\"Infolettre - Terrainking Canada\" \/>\n<meta property=\"og:description\" content=\"INFOLETTRE Inscrivez-vous et restez inform\u00e9 des nouvelles de l&rsquo;entreprise et des produits.Nous promettons de ne pas surcharger votre bo\u00eete de r\u00e9ception, mais nous avons des choses extraordinaires \u00e0 partager de temps \u00e0 autre !\" \/>\n<meta property=\"og:url\" content=\"https:\/\/tkcanada.com\/fr\/infolettre\/\" \/>\n<meta property=\"og:site_name\" content=\"Terrainking Canada\" \/>\n<meta property=\"article:publisher\" content=\"https:\/\/www.facebook.com\/terrain.king\" \/>\n<meta property=\"article:modified_time\" content=\"2026-03-25T10:04:00+00:00\" \/>\n<meta name=\"twitter:card\" content=\"summary_large_image\" \/>\n<script type=\"application\/ld+json\" class=\"yoast-schema-graph\">{\"@context\":\"https:\/\/schema.org\",\"@graph\":[{\"@type\":\"WebPage\",\"@id\":\"https:\/\/tkcanada.com\/fr\/infolettre\/\",\"url\":\"https:\/\/tkcanada.com\/fr\/infolettre\/\",\"name\":\"Infolettre - Terrainking Canada\",\"isPartOf\":{\"@id\":\"https:\/\/tkcanada.com\/#website\"},\"datePublished\":\"2025-08-08T11:00:06+00:00\",\"dateModified\":\"2026-03-25T10:04:00+00:00\",\"breadcrumb\":{\"@id\":\"https:\/\/tkcanada.com\/fr\/infolettre\/#breadcrumb\"},\"inLanguage\":\"fr-FR\",\"potentialAction\":[{\"@type\":\"ReadAction\",\"target\":[\"https:\/\/tkcanada.com\/fr\/infolettre\/\"]}]},{\"@type\":\"BreadcrumbList\",\"@id\":\"https:\/\/tkcanada.com\/fr\/infolettre\/#breadcrumb\",\"itemListElement\":[{\"@type\":\"ListItem\",\"position\":1,\"name\":\"Home\",\"item\":\"https:\/\/tkcanada.com\/fr\/accueil\/\"},{\"@type\":\"ListItem\",\"position\":2,\"name\":\"Infolettre\"}]},{\"@type\":\"WebSite\",\"@id\":\"https:\/\/tkcanada.com\/#website\",\"url\":\"https:\/\/tkcanada.com\/\",\"name\":\"Terrainking Canada\",\"description\":\"Terrainking Canada\",\"publisher\":{\"@id\":\"https:\/\/tkcanada.com\/#organization\"},\"potentialAction\":[{\"@type\":\"SearchAction\",\"target\":{\"@type\":\"EntryPoint\",\"urlTemplate\":\"https:\/\/tkcanada.com\/?s={search_term_string}\"},\"query-input\":{\"@type\":\"PropertyValueSpecification\",\"valueRequired\":true,\"valueName\":\"search_term_string\"}}],\"inLanguage\":\"fr-FR\"},{\"@type\":\"Organization\",\"@id\":\"https:\/\/tkcanada.com\/#organization\",\"name\":\"TERRAINKING CANADA\",\"alternateName\":\"TERRAINKING CANADA\",\"url\":\"https:\/\/tkcanada.com\/\",\"logo\":{\"@type\":\"ImageObject\",\"inLanguage\":\"fr-FR\",\"@id\":\"https:\/\/tkcanada.com\/#\/schema\/logo\/image\/\",\"url\":\"https:\/\/tkcanada.com\/wp-content\/uploads\/2025\/06\/Logo-5.png\",\"contentUrl\":\"https:\/\/tkcanada.com\/wp-content\/uploads\/2025\/06\/Logo-5.png\",\"width\":330,\"height\":80,\"caption\":\"TERRAINKING CANADA\"},\"image\":{\"@id\":\"https:\/\/tkcanada.com\/#\/schema\/logo\/image\/\"},\"sameAs\":[\"https:\/\/www.facebook.com\/terrain.king\",\"https:\/\/www.linkedin.com\/showcase\/terrain-king\/\",\"https:\/\/www.instagram.com\/terrain.king\/\",\"https:\/\/youtu.be\/nhLqv8on1WE\"]}]}<\/script>\n<!-- \/ Yoast SEO plugin. -->","yoast_head_json":{"title":"Infolettre - Terrainking Canada","robots":{"index":"index","follow":"follow","max-snippet":"max-snippet:-1","max-image-preview":"max-image-preview:large","max-video-preview":"max-video-preview:-1"},"canonical":"https:\/\/tkcanada.com\/fr\/infolettre\/","og_locale":"fr_FR","og_type":"article","og_title":"Infolettre - Terrainking Canada","og_description":"INFOLETTRE Inscrivez-vous et restez inform\u00e9 des nouvelles de l&rsquo;entreprise et des produits.Nous promettons de ne pas surcharger votre bo\u00eete de r\u00e9ception, mais nous avons des choses extraordinaires \u00e0 partager de temps \u00e0 autre !","og_url":"https:\/\/tkcanada.com\/fr\/infolettre\/","og_site_name":"Terrainking Canada","article_publisher":"https:\/\/www.facebook.com\/terrain.king","article_modified_time":"2026-03-25T10:04:00+00:00","twitter_card":"summary_large_image","schema":{"@context":"https:\/\/schema.org","@graph":[{"@type":"WebPage","@id":"https:\/\/tkcanada.com\/fr\/infolettre\/","url":"https:\/\/tkcanada.com\/fr\/infolettre\/","name":"Infolettre - Terrainking Canada","isPartOf":{"@id":"https:\/\/tkcanada.com\/#website"},"datePublished":"2025-08-08T11:00:06+00:00","dateModified":"2026-03-25T10:04:00+00:00","breadcrumb":{"@id":"https:\/\/tkcanada.com\/fr\/infolettre\/#breadcrumb"},"inLanguage":"fr-FR","potentialAction":[{"@type":"ReadAction","target":["https:\/\/tkcanada.com\/fr\/infolettre\/"]}]},{"@type":"BreadcrumbList","@id":"https:\/\/tkcanada.com\/fr\/infolettre\/#breadcrumb","itemListElement":[{"@type":"ListItem","position":1,"name":"Home","item":"https:\/\/tkcanada.com\/fr\/accueil\/"},{"@type":"ListItem","position":2,"name":"Infolettre"}]},{"@type":"WebSite","@id":"https:\/\/tkcanada.com\/#website","url":"https:\/\/tkcanada.com\/","name":"Terrainking Canada","description":"Terrainking Canada","publisher":{"@id":"https:\/\/tkcanada.com\/#organization"},"potentialAction":[{"@type":"SearchAction","target":{"@type":"EntryPoint","urlTemplate":"https:\/\/tkcanada.com\/?s={search_term_string}"},"query-input":{"@type":"PropertyValueSpecification","valueRequired":true,"valueName":"search_term_string"}}],"inLanguage":"fr-FR"},{"@type":"Organization","@id":"https:\/\/tkcanada.com\/#organization","name":"TERRAINKING CANADA","alternateName":"TERRAINKING CANADA","url":"https:\/\/tkcanada.com\/","logo":{"@type":"ImageObject","inLanguage":"fr-FR","@id":"https:\/\/tkcanada.com\/#\/schema\/logo\/image\/","url":"https:\/\/tkcanada.com\/wp-content\/uploads\/2025\/06\/Logo-5.png","contentUrl":"https:\/\/tkcanada.com\/wp-content\/uploads\/2025\/06\/Logo-5.png","width":330,"height":80,"caption":"TERRAINKING CANADA"},"image":{"@id":"https:\/\/tkcanada.com\/#\/schema\/logo\/image\/"},"sameAs":["https:\/\/www.facebook.com\/terrain.king","https:\/\/www.linkedin.com\/showcase\/terrain-king\/","https:\/\/www.instagram.com\/terrain.king\/","https:\/\/youtu.be\/nhLqv8on1WE"]}]}},"_links":{"self":[{"href":"https:\/\/tkcanada.com\/fr\/wp-json\/wp\/v2\/pages\/4273","targetHints":{"allow":["GET"]}}],"collection":[{"href":"https:\/\/tkcanada.com\/fr\/wp-json\/wp\/v2\/pages"}],"about":[{"href":"https:\/\/tkcanada.com\/fr\/wp-json\/wp\/v2\/types\/page"}],"author":[{"embeddable":true,"href":"https:\/\/tkcanada.com\/fr\/wp-json\/wp\/v2\/users\/1"}],"replies":[{"embeddable":true,"href":"https:\/\/tkcanada.com\/fr\/wp-json\/wp\/v2\/comments?post=4273"}],"version-history":[{"count":1,"href":"https:\/\/tkcanada.com\/fr\/wp-json\/wp\/v2\/pages\/4273\/revisions"}],"predecessor-version":[{"id":4275,"href":"https:\/\/tkcanada.com\/fr\/wp-json\/wp\/v2\/pages\/4273\/revisions\/4275"}],"wp:attachment":[{"href":"https:\/\/tkcanada.com\/fr\/wp-json\/wp\/v2\/media?parent=4273"}],"curies":[{"name":"wp","href":"https:\/\/api.w.org\/{rel}","templated":true}]}}