{"id":4276,"date":"2025-08-01T08:00:03","date_gmt":"2025-08-01T08:00:03","guid":{"rendered":"https:\/\/tkcanada.com\/pieces-et-services\/"},"modified":"2026-03-25T10:04:38","modified_gmt":"2026-03-25T10:04:38","slug":"pieces-et-services","status":"publish","type":"page","link":"https:\/\/tkcanada.com\/fr\/pieces-et-services\/","title":{"rendered":"Pi\u00e8ces et services"},"content":{"rendered":"\t\t<div data-elementor-type=\"wp-page\" data-elementor-id=\"4276\" class=\"elementor elementor-4276 elementor-2698\" data-elementor-post-type=\"page\">\n\t\t\t\t<div class=\"elementor-element elementor-element-3571421 e-con-full e-flex e-con e-parent\" data-id=\"3571421\" data-element_type=\"container\" data-e-type=\"container\">\n\t\t<div class=\"elementor-element elementor-element-ecf7cc1 e-flex e-con-boxed e-con e-child\" data-id=\"ecf7cc1\" data-element_type=\"container\" data-e-type=\"container\">\n\t\t\t\t\t<div class=\"e-con-inner\">\n\t\t\t\t<div class=\"elementor-element elementor-element-272801f elementor-widget elementor-widget-heading\" data-id=\"272801f\" data-element_type=\"widget\" data-e-type=\"widget\" data-widget_type=\"heading.default\">\n\t\t\t\t<div class=\"elementor-widget-container\">\n\t\t\t\t\t<h1 class=\"elementor-heading-title elementor-size-default\">PI\u00c8CES ET SERVICES<\/h1>\t\t\t\t<\/div>\n\t\t\t\t<\/div>\n\t\t\t\t\t<\/div>\n\t\t\t\t<\/div>\n\t\t\t\t<\/div>\n\t\t<div class=\"elementor-element elementor-element-98c2fc2 e-con-full e-flex e-con e-parent\" data-id=\"98c2fc2\" data-element_type=\"container\" data-e-type=\"container\" data-settings=\"{&quot;background_background&quot;:&quot;classic&quot;}\">\n\t\t<div class=\"elementor-element elementor-element-4d262c0 e-flex e-con-boxed e-con e-child\" data-id=\"4d262c0\" data-element_type=\"container\" data-e-type=\"container\">\n\t\t\t\t\t<div class=\"e-con-inner\">\n\t\t\t\t<div class=\"elementor-element elementor-element-0b746bb cust-icon-accordian elementor-widget elementor-widget-n-accordion\" data-id=\"0b746bb\" data-element_type=\"widget\" data-e-type=\"widget\" data-settings=\"{&quot;default_state&quot;:&quot;all_collapsed&quot;,&quot;max_items_expended&quot;:&quot;one&quot;,&quot;n_accordion_animation_duration&quot;:{&quot;unit&quot;:&quot;ms&quot;,&quot;size&quot;:400,&quot;sizes&quot;:[]}}\" data-widget_type=\"nested-accordion.default\">\n\t\t\t\t<div class=\"elementor-widget-container\">\n\t\t\t\t\t\t\t<div class=\"e-n-accordion\" aria-label=\"Accordion. Open links with Enter or Space, close with Escape, and navigate with Arrow Keys\">\n\t\t\t\t\t\t<details id=\"e-n-accordion-item-1200\" class=\"e-n-accordion-item\" >\n\t\t\t\t<summary class=\"e-n-accordion-item-title\" data-accordion-index=\"1\" tabindex=\"0\" aria-expanded=\"false\" aria-controls=\"e-n-accordion-item-1200\" >\n\t\t\t\t\t<span class='e-n-accordion-item-title-header'><h3 class=\"e-n-accordion-item-title-text\">   Guides pratiques pour la commande de pi\u00e8ces en ligne   <\/h3><\/span>\n\t\t\t\t\t\t\t<span class='e-n-accordion-item-title-icon'>\n\t\t\t<span class='e-opened' ><svg aria-hidden=\"true\" class=\"e-font-icon-svg e-far-window-close\" viewBox=\"0 0 512 512\" xmlns=\"http:\/\/www.w3.org\/2000\/svg\"><path d=\"M464 32H48C21.5 32 0 53.5 0 80v352c0 26.5 21.5 48 48 48h416c26.5 0 48-21.5 48-48V80c0-26.5-21.5-48-48-48zm0 394c0 3.3-2.7 6-6 6H54c-3.3 0-6-2.7-6-6V86c0-3.3 2.7-6 6-6h404c3.3 0 6 2.7 6 6v340zM356.5 194.6L295.1 256l61.4 61.4c4.6 4.6 4.6 12.1 0 16.8l-22.3 22.3c-4.6 4.6-12.1 4.6-16.8 0L256 295.1l-61.4 61.4c-4.6 4.6-12.1 4.6-16.8 0l-22.3-22.3c-4.6-4.6-4.6-12.1 0-16.8l61.4-61.4-61.4-61.4c-4.6-4.6-4.6-12.1 0-16.8l22.3-22.3c4.6-4.6 12.1-4.6 16.8 0l61.4 61.4 61.4-61.4c4.6-4.6 12.1-4.6 16.8 0l22.3 22.3c4.7 4.6 4.7 12.1 0 16.8z\"><\/path><\/svg><\/span>\n\t\t\t<span class='e-closed'><svg aria-hidden=\"true\" class=\"e-font-icon-svg e-fas-chevron-right\" viewBox=\"0 0 320 512\" xmlns=\"http:\/\/www.w3.org\/2000\/svg\"><path d=\"M285.476 272.971L91.132 467.314c-9.373 9.373-24.569 9.373-33.941 0l-22.667-22.667c-9.357-9.357-9.375-24.522-.04-33.901L188.505 256 34.484 101.255c-9.335-9.379-9.317-24.544.04-33.901l22.667-22.667c9.373-9.373 24.569-9.373 33.941 0L285.475 239.03c9.373 9.372 9.373 24.568.001 33.941z\"><\/path><\/svg><\/span>\n\t\t<\/span>\n\n\t\t\t\t\t\t<\/summary>\n\t\t\t\t<div role=\"region\" aria-labelledby=\"e-n-accordion-item-1200\" class=\"elementor-element elementor-element-15a29ca e-con-full e-flex e-con e-child\" data-id=\"15a29ca\" data-element_type=\"container\" data-e-type=\"container\">\n\t\t<div role=\"region\" aria-labelledby=\"e-n-accordion-item-1200\" class=\"elementor-element elementor-element-f3f3ee0 e-con-full e-flex e-con e-child\" data-id=\"f3f3ee0\" data-element_type=\"container\" data-e-type=\"container\">\n\t\t<div role=\"region\" aria-labelledby=\"e-n-accordion-item-1200\" class=\"elementor-element elementor-element-268e95d e-con-full e-flex e-con e-child\" data-id=\"268e95d\" data-element_type=\"container\" data-e-type=\"container\">\n\t\t\t\t<div class=\"elementor-element elementor-element-7f60db5 elementor-widget elementor-widget-text-editor\" data-id=\"7f60db5\" data-element_type=\"widget\" data-e-type=\"widget\" data-widget_type=\"text-editor.default\">\n\t\t\t\t<div class=\"elementor-widget-container\">\n\t\t\t\t\t\t\t\t\t<p><strong>Utilisateurs finaux \/ Op\u00e9rateurs :<\/strong><\/p><p>Contactez votre concessionnaire local pour commander des pi\u00e8ces.  <a href=\"https:\/\/tkcanada.com\/fr\/trouver-un-concessionnaire\/\">Trouver un concessionnaire<\/a><\/p>\t\t\t\t\t\t\t\t<\/div>\n\t\t\t\t<\/div>\n\t\t\t\t<\/div>\n\t\t\t\t<\/div>\n\t\t<div role=\"region\" aria-labelledby=\"e-n-accordion-item-1200\" class=\"elementor-element elementor-element-2934d4e e-con-full e-flex e-con e-child\" data-id=\"2934d4e\" data-element_type=\"container\" data-e-type=\"container\">\n\t\t<div role=\"region\" aria-labelledby=\"e-n-accordion-item-1200\" class=\"elementor-element elementor-element-b5e767c e-con-full e-flex e-con e-child\" data-id=\"b5e767c\" data-element_type=\"container\" data-e-type=\"container\">\n\t\t\t\t<div class=\"elementor-element elementor-element-f2bebcd elementor-widget elementor-widget-text-editor\" data-id=\"f2bebcd\" data-element_type=\"widget\" data-e-type=\"widget\" data-widget_type=\"text-editor.default\">\n\t\t\t\t<div class=\"elementor-widget-container\">\n\t\t\t\t\t\t\t\t\t<p><strong>Concessionnaires autoris\u00e9s :<\/strong><\/p><p>Commandez vos pi\u00e8ces et recevez des informations techniques en contactant le service des pi\u00e8ces et services sur <a href=\"https:\/\/colvoy.com\/industrial-and-roadside-mower-parts.php\">Colvoy.com<\/a><\/p>\t\t\t\t\t\t\t\t<\/div>\n\t\t\t\t<\/div>\n\t\t\t\t<\/div>\n\t\t\t\t<\/div>\n\t\t\t\t<\/div>\n\t\t\t\t\t<\/details>\n\t\t\t\t\t<\/div>\n\t\t\t\t\t\t<\/div>\n\t\t\t\t<\/div>\n\t\t\t\t\t<\/div>\n\t\t\t\t<\/div>\n\t\t\t\t<\/div>\n\t\t\t\t<\/div>\n\t\t","protected":false},"excerpt":{"rendered":"<p>PI\u00c8CES ET SERVICES Guides pratiques pour la commande de pi\u00e8ces en ligne Utilisateurs finaux \/ Op\u00e9rateurs : Contactez votre concessionnaire local pour commander des pi\u00e8ces. Trouver un concessionnaire Concessionnaires autoris\u00e9s : Commandez vos pi\u00e8ces et recevez des informations techniques en contactant le service des pi\u00e8ces et services sur Colvoy.com Utilisateurs finaux \/ Op\u00e9rateurs : Contactez [&hellip;]<\/p>\n","protected":false},"author":1,"featured_media":0,"parent":0,"menu_order":0,"comment_status":"closed","ping_status":"closed","template":"elementor_header_footer","meta":{"_acf_changed":false,"footnotes":""},"class_list":["post-4276","page","type-page","status-publish","hentry"],"acf":[],"yoast_head":"<!-- This site is optimized with the Yoast SEO plugin v27.2 - https:\/\/yoast.com\/product\/yoast-seo-wordpress\/ -->\n<title>Pi\u00e8ces et service pour tous les \u00e9quipements | Terrain King Canada<\/title>\n<meta name=\"description\" content=\"Trouvez des pi\u00e8ces, un soutien technique et des solutions d\u2019entretien pour le mat\u00e9riel de gestion de la v\u00e9g\u00e9tation et les accessoires de fauchage partout au Canada.\" \/>\n<meta name=\"robots\" content=\"index, follow, max-snippet:-1, max-image-preview:large, max-video-preview:-1\" \/>\n<link rel=\"canonical\" href=\"https:\/\/tkcanada.com\/fr\/pieces-et-services\/\" \/>\n<meta property=\"og:locale\" content=\"fr_FR\" \/>\n<meta property=\"og:type\" content=\"article\" \/>\n<meta property=\"og:title\" content=\"Pi\u00e8ces et service pour tous les \u00e9quipements | Terrain King Canada\" \/>\n<meta property=\"og:description\" content=\"Trouvez des pi\u00e8ces, un soutien technique et des solutions d\u2019entretien pour le mat\u00e9riel de gestion de la v\u00e9g\u00e9tation et les accessoires de fauchage partout au Canada.\" \/>\n<meta property=\"og:url\" content=\"https:\/\/tkcanada.com\/fr\/pieces-et-services\/\" \/>\n<meta property=\"og:site_name\" content=\"Terrainking Canada\" \/>\n<meta property=\"article:publisher\" content=\"https:\/\/www.facebook.com\/terrain.king\" \/>\n<meta property=\"article:modified_time\" content=\"2026-03-25T10:04:38+00:00\" \/>\n<meta name=\"twitter:card\" content=\"summary_large_image\" \/>\n<script type=\"application\/ld+json\" class=\"yoast-schema-graph\">{\"@context\":\"https:\/\/schema.org\",\"@graph\":[{\"@type\":\"WebPage\",\"@id\":\"https:\/\/tkcanada.com\/fr\/pieces-et-services\/\",\"url\":\"https:\/\/tkcanada.com\/fr\/pieces-et-services\/\",\"name\":\"Pi\u00e8ces et service pour tous les \u00e9quipements | Terrain King Canada\",\"isPartOf\":{\"@id\":\"https:\/\/tkcanada.com\/#website\"},\"datePublished\":\"2025-08-01T08:00:03+00:00\",\"dateModified\":\"2026-03-25T10:04:38+00:00\",\"description\":\"Trouvez des pi\u00e8ces, un soutien technique et des solutions d\u2019entretien pour le mat\u00e9riel de gestion de la v\u00e9g\u00e9tation et les accessoires de fauchage partout au Canada.\",\"breadcrumb\":{\"@id\":\"https:\/\/tkcanada.com\/fr\/pieces-et-services\/#breadcrumb\"},\"inLanguage\":\"fr-FR\",\"potentialAction\":[{\"@type\":\"ReadAction\",\"target\":[\"https:\/\/tkcanada.com\/fr\/pieces-et-services\/\"]}]},{\"@type\":\"BreadcrumbList\",\"@id\":\"https:\/\/tkcanada.com\/fr\/pieces-et-services\/#breadcrumb\",\"itemListElement\":[{\"@type\":\"ListItem\",\"position\":1,\"name\":\"Home\",\"item\":\"https:\/\/tkcanada.com\/fr\/accueil\/\"},{\"@type\":\"ListItem\",\"position\":2,\"name\":\"Pi\u00e8ces et services\"}]},{\"@type\":\"WebSite\",\"@id\":\"https:\/\/tkcanada.com\/#website\",\"url\":\"https:\/\/tkcanada.com\/\",\"name\":\"Terrainking Canada\",\"description\":\"Terrainking Canada\",\"publisher\":{\"@id\":\"https:\/\/tkcanada.com\/#organization\"},\"potentialAction\":[{\"@type\":\"SearchAction\",\"target\":{\"@type\":\"EntryPoint\",\"urlTemplate\":\"https:\/\/tkcanada.com\/?s={search_term_string}\"},\"query-input\":{\"@type\":\"PropertyValueSpecification\",\"valueRequired\":true,\"valueName\":\"search_term_string\"}}],\"inLanguage\":\"fr-FR\"},{\"@type\":\"Organization\",\"@id\":\"https:\/\/tkcanada.com\/#organization\",\"name\":\"TERRAINKING CANADA\",\"alternateName\":\"TERRAINKING CANADA\",\"url\":\"https:\/\/tkcanada.com\/\",\"logo\":{\"@type\":\"ImageObject\",\"inLanguage\":\"fr-FR\",\"@id\":\"https:\/\/tkcanada.com\/#\/schema\/logo\/image\/\",\"url\":\"https:\/\/tkcanada.com\/wp-content\/uploads\/2025\/06\/Logo-5.png\",\"contentUrl\":\"https:\/\/tkcanada.com\/wp-content\/uploads\/2025\/06\/Logo-5.png\",\"width\":330,\"height\":80,\"caption\":\"TERRAINKING CANADA\"},\"image\":{\"@id\":\"https:\/\/tkcanada.com\/#\/schema\/logo\/image\/\"},\"sameAs\":[\"https:\/\/www.facebook.com\/terrain.king\",\"https:\/\/www.linkedin.com\/showcase\/terrain-king\/\",\"https:\/\/www.instagram.com\/terrain.king\/\",\"https:\/\/youtu.be\/nhLqv8on1WE\"]}]}<\/script>\n<!-- \/ Yoast SEO plugin. -->","yoast_head_json":{"title":"Pi\u00e8ces et service pour tous les \u00e9quipements | Terrain King Canada","description":"Trouvez des pi\u00e8ces, un soutien technique et des solutions d\u2019entretien pour le mat\u00e9riel de gestion de la v\u00e9g\u00e9tation et les accessoires de fauchage partout au Canada.","robots":{"index":"index","follow":"follow","max-snippet":"max-snippet:-1","max-image-preview":"max-image-preview:large","max-video-preview":"max-video-preview:-1"},"canonical":"https:\/\/tkcanada.com\/fr\/pieces-et-services\/","og_locale":"fr_FR","og_type":"article","og_title":"Pi\u00e8ces et service pour tous les \u00e9quipements | Terrain King Canada","og_description":"Trouvez des pi\u00e8ces, un soutien technique et des solutions d\u2019entretien pour le mat\u00e9riel de gestion de la v\u00e9g\u00e9tation et les accessoires de fauchage partout au Canada.","og_url":"https:\/\/tkcanada.com\/fr\/pieces-et-services\/","og_site_name":"Terrainking Canada","article_publisher":"https:\/\/www.facebook.com\/terrain.king","article_modified_time":"2026-03-25T10:04:38+00:00","twitter_card":"summary_large_image","schema":{"@context":"https:\/\/schema.org","@graph":[{"@type":"WebPage","@id":"https:\/\/tkcanada.com\/fr\/pieces-et-services\/","url":"https:\/\/tkcanada.com\/fr\/pieces-et-services\/","name":"Pi\u00e8ces et service pour tous les \u00e9quipements | Terrain King Canada","isPartOf":{"@id":"https:\/\/tkcanada.com\/#website"},"datePublished":"2025-08-01T08:00:03+00:00","dateModified":"2026-03-25T10:04:38+00:00","description":"Trouvez des pi\u00e8ces, un soutien technique et des solutions d\u2019entretien pour le mat\u00e9riel de gestion de la v\u00e9g\u00e9tation et les accessoires de fauchage partout au Canada.","breadcrumb":{"@id":"https:\/\/tkcanada.com\/fr\/pieces-et-services\/#breadcrumb"},"inLanguage":"fr-FR","potentialAction":[{"@type":"ReadAction","target":["https:\/\/tkcanada.com\/fr\/pieces-et-services\/"]}]},{"@type":"BreadcrumbList","@id":"https:\/\/tkcanada.com\/fr\/pieces-et-services\/#breadcrumb","itemListElement":[{"@type":"ListItem","position":1,"name":"Home","item":"https:\/\/tkcanada.com\/fr\/accueil\/"},{"@type":"ListItem","position":2,"name":"Pi\u00e8ces et services"}]},{"@type":"WebSite","@id":"https:\/\/tkcanada.com\/#website","url":"https:\/\/tkcanada.com\/","name":"Terrainking Canada","description":"Terrainking Canada","publisher":{"@id":"https:\/\/tkcanada.com\/#organization"},"potentialAction":[{"@type":"SearchAction","target":{"@type":"EntryPoint","urlTemplate":"https:\/\/tkcanada.com\/?s={search_term_string}"},"query-input":{"@type":"PropertyValueSpecification","valueRequired":true,"valueName":"search_term_string"}}],"inLanguage":"fr-FR"},{"@type":"Organization","@id":"https:\/\/tkcanada.com\/#organization","name":"TERRAINKING CANADA","alternateName":"TERRAINKING CANADA","url":"https:\/\/tkcanada.com\/","logo":{"@type":"ImageObject","inLanguage":"fr-FR","@id":"https:\/\/tkcanada.com\/#\/schema\/logo\/image\/","url":"https:\/\/tkcanada.com\/wp-content\/uploads\/2025\/06\/Logo-5.png","contentUrl":"https:\/\/tkcanada.com\/wp-content\/uploads\/2025\/06\/Logo-5.png","width":330,"height":80,"caption":"TERRAINKING CANADA"},"image":{"@id":"https:\/\/tkcanada.com\/#\/schema\/logo\/image\/"},"sameAs":["https:\/\/www.facebook.com\/terrain.king","https:\/\/www.linkedin.com\/showcase\/terrain-king\/","https:\/\/www.instagram.com\/terrain.king\/","https:\/\/youtu.be\/nhLqv8on1WE"]}]}},"_links":{"self":[{"href":"https:\/\/tkcanada.com\/fr\/wp-json\/wp\/v2\/pages\/4276","targetHints":{"allow":["GET"]}}],"collection":[{"href":"https:\/\/tkcanada.com\/fr\/wp-json\/wp\/v2\/pages"}],"about":[{"href":"https:\/\/tkcanada.com\/fr\/wp-json\/wp\/v2\/types\/page"}],"author":[{"embeddable":true,"href":"https:\/\/tkcanada.com\/fr\/wp-json\/wp\/v2\/users\/1"}],"replies":[{"embeddable":true,"href":"https:\/\/tkcanada.com\/fr\/wp-json\/wp\/v2\/comments?post=4276"}],"version-history":[{"count":1,"href":"https:\/\/tkcanada.com\/fr\/wp-json\/wp\/v2\/pages\/4276\/revisions"}],"predecessor-version":[{"id":4277,"href":"https:\/\/tkcanada.com\/fr\/wp-json\/wp\/v2\/pages\/4276\/revisions\/4277"}],"wp:attachment":[{"href":"https:\/\/tkcanada.com\/fr\/wp-json\/wp\/v2\/media?parent=4276"}],"curies":[{"name":"wp","href":"https:\/\/api.w.org\/{rel}","templated":true}]}}