{"id":4296,"date":"2025-07-28T07:07:41","date_gmt":"2025-07-28T07:07:41","guid":{"rendered":"https:\/\/tkcanada.com\/tondeuses-rotatives\/"},"modified":"2026-03-25T10:04:56","modified_gmt":"2026-03-25T10:04:56","slug":"tondeuses-rotatives","status":"publish","type":"page","link":"https:\/\/tkcanada.com\/fr\/tondeuses-rotatives\/","title":{"rendered":"Tondeuses rotatives"},"content":{"rendered":"\t\t<div data-elementor-type=\"wp-page\" data-elementor-id=\"4296\" class=\"elementor elementor-4296 elementor-2201\" data-elementor-post-type=\"page\">\n\t\t\t\t<div class=\"elementor-element elementor-element-98da77e e-con-full e-flex e-con e-parent\" data-id=\"98da77e\" data-element_type=\"container\" data-e-type=\"container\">\n\t\t<div class=\"elementor-element elementor-element-d3367a1 e-flex e-con-boxed e-con e-child\" data-id=\"d3367a1\" data-element_type=\"container\" data-e-type=\"container\">\n\t\t\t\t\t<div class=\"e-con-inner\">\n\t\t\t\t<div class=\"elementor-element elementor-element-2cc74cc elementor-widget elementor-widget-heading\" data-id=\"2cc74cc\" data-element_type=\"widget\" data-e-type=\"widget\" data-widget_type=\"heading.default\">\n\t\t\t\t<div class=\"elementor-widget-container\">\n\t\t\t\t\t<h1 class=\"elementor-heading-title elementor-size-default\">Tondeuses rotatives<\/h1>\t\t\t\t<\/div>\n\t\t\t\t<\/div>\n\t\t\t\t\t<\/div>\n\t\t\t\t<\/div>\n\t\t\t\t<\/div>\n\t\t<div class=\"elementor-element elementor-element-0eba08c e-con-full e-flex e-con e-parent\" data-id=\"0eba08c\" data-element_type=\"container\" data-e-type=\"container\">\n\t\t<div class=\"elementor-element elementor-element-4dc86d8 e-flex e-con-boxed e-con e-child\" data-id=\"4dc86d8\" data-element_type=\"container\" data-e-type=\"container\">\n\t\t\t\t\t<div class=\"e-con-inner\">\n\t\t\t\t<div class=\"elementor-element elementor-element-d0e35c0 elementor-grid-2 elementor-grid-mobile_extra-1 elementor-grid-tablet-2 elementor-grid-mobile-1 elementor-widget elementor-widget-loop-grid\" data-id=\"d0e35c0\" data-element_type=\"widget\" data-e-type=\"widget\" data-settings=\"{&quot;template_id&quot;:4382,&quot;columns&quot;:2,&quot;columns_mobile_extra&quot;:1,&quot;row_gap&quot;:{&quot;unit&quot;:&quot;px&quot;,&quot;size&quot;:30,&quot;sizes&quot;:[]},&quot;row_gap_laptop&quot;:{&quot;unit&quot;:&quot;px&quot;,&quot;size&quot;:25,&quot;sizes&quot;:[]},&quot;row_gap_tablet_extra&quot;:{&quot;unit&quot;:&quot;px&quot;,&quot;size&quot;:25,&quot;sizes&quot;:[]},&quot;row_gap_tablet&quot;:{&quot;unit&quot;:&quot;px&quot;,&quot;size&quot;:20,&quot;sizes&quot;:[]},&quot;row_gap_mobile_extra&quot;:{&quot;unit&quot;:&quot;px&quot;,&quot;size&quot;:60,&quot;sizes&quot;:[]},&quot;row_gap_mobile&quot;:{&quot;unit&quot;:&quot;px&quot;,&quot;size&quot;:40,&quot;sizes&quot;:[]},&quot;_skin&quot;:&quot;post&quot;,&quot;columns_tablet&quot;:&quot;2&quot;,&quot;columns_mobile&quot;:&quot;1&quot;,&quot;edit_handle_selector&quot;:&quot;[data-elementor-type=\\&quot;loop-item\\&quot;]&quot;,&quot;row_gap_widescreen&quot;:{&quot;unit&quot;:&quot;px&quot;,&quot;size&quot;:&quot;&quot;,&quot;sizes&quot;:[]}}\" data-widget_type=\"loop-grid.post\">\n\t\t\t\t<div class=\"elementor-widget-container\">\n\t\t\t\t\t\t\t<div class=\"elementor-loop-container elementor-grid\" role=\"list\">\n\t\t<style id=\"loop-4382\">.elementor-4382 .elementor-element.elementor-element-39e6709{--display:flex;--gap:0px 0px;--row-gap:0px;--column-gap:0px;--margin-top:0px;--margin-bottom:0px;--margin-left:0px;--margin-right:0px;--padding-top:0px;--padding-bottom:0px;--padding-left:0px;--padding-right:0px;}.elementor-widget-heading .elementor-heading-title{font-family:var( --e-global-typography-primary-font-family ), Sans-serif;font-size:var( --e-global-typography-primary-font-size );font-weight:var( --e-global-typography-primary-font-weight );text-transform:var( --e-global-typography-primary-text-transform );line-height:var( --e-global-typography-primary-line-height );color:var( --e-global-color-primary );}.elementor-4382 .elementor-element.elementor-element-e8a4ee0 .elementor-heading-title{font-family:\"Lato\", Sans-serif;font-size:24px;font-weight:700;text-transform:none;line-height:29px;color:var( --e-global-color-primary );}.elementor-4382 .elementor-element.elementor-element-e8a4ee0 > .elementor-widget-container{margin:0px 0px 0px 0px;padding:0px 0px 5px 0px;}.elementor-widget-image .widget-image-caption{color:var( --e-global-color-text );font-family:var( --e-global-typography-text-font-family ), Sans-serif;font-size:var( --e-global-typography-text-font-size );font-weight:var( --e-global-typography-text-font-weight );}.elementor-4382 .elementor-element.elementor-element-69a2377 > .elementor-widget-container{margin:0px 0px 0px 0px;padding:0px 0px 20px 0px;}.elementor-widget-text-editor{font-family:var( --e-global-typography-text-font-family ), Sans-serif;font-size:var( --e-global-typography-text-font-size );font-weight:var( --e-global-typography-text-font-weight );color:var( --e-global-color-text );}.elementor-widget-text-editor.elementor-drop-cap-view-stacked .elementor-drop-cap{background-color:var( --e-global-color-primary );}.elementor-widget-text-editor.elementor-drop-cap-view-framed .elementor-drop-cap, .elementor-widget-text-editor.elementor-drop-cap-view-default .elementor-drop-cap{color:var( --e-global-color-primary );border-color:var( --e-global-color-primary );}.elementor-4382 .elementor-element.elementor-element-f864f0f{font-family:\"Lato\", Sans-serif;font-size:20px;font-weight:300;line-height:22px;color:var( --e-global-color-secondary );}.elementor-4382 .elementor-element.elementor-element-f864f0f > .elementor-widget-container{margin:0px 0px 0px 0px;padding:0px 0px 20px 0px;}.elementor-widget-button .elementor-button{font-family:var( --e-global-typography-accent-font-family ), Sans-serif;font-size:var( --e-global-typography-accent-font-size );font-weight:var( --e-global-typography-accent-font-weight );background-color:var( --e-global-color-accent );}.elementor-4382 .elementor-element.elementor-element-cc3e6eb .elementor-button{font-family:\"Lato\", Sans-serif;font-size:14px;font-weight:700;fill:var( --e-global-color-secondary );color:var( --e-global-color-secondary );background-color:#61CE7000;border-style:solid;border-width:2px 2px 2px 2px;border-color:var( --e-global-color-primary );border-radius:08px 08px 08px 08px;padding:06px 25px 06px 25px;}.elementor-4382 .elementor-element.elementor-element-cc3e6eb .elementor-button:hover, .elementor-4382 .elementor-element.elementor-element-cc3e6eb .elementor-button:focus{color:var( --e-global-color-c48837f );background-color:var( --e-global-color-primary );border-color:var( --e-global-color-primary );}.elementor-4382 .elementor-element.elementor-element-cc3e6eb .elementor-button:hover svg, .elementor-4382 .elementor-element.elementor-element-cc3e6eb .elementor-button:focus svg{fill:var( --e-global-color-c48837f );}.elementor-4382 .elementor-element.elementor-element-cc3e6eb > .elementor-widget-container{margin:0px 0px 0px 0px;padding:0px 0px 0px 0px;}@media(max-width:1366px){.elementor-widget-heading .elementor-heading-title{font-size:var( --e-global-typography-primary-font-size );line-height:var( --e-global-typography-primary-line-height );}.elementor-widget-image .widget-image-caption{font-size:var( --e-global-typography-text-font-size );}.elementor-widget-text-editor{font-size:var( --e-global-typography-text-font-size );}.elementor-widget-button .elementor-button{font-size:var( --e-global-typography-accent-font-size );}}@media(max-width:1024px){.elementor-widget-heading .elementor-heading-title{font-size:var( --e-global-typography-primary-font-size );line-height:var( --e-global-typography-primary-line-height );}.elementor-4382 .elementor-element.elementor-element-e8a4ee0 .elementor-heading-title{font-size:24px;line-height:29px;}.elementor-widget-image .widget-image-caption{font-size:var( --e-global-typography-text-font-size );}.elementor-widget-text-editor{font-size:var( --e-global-typography-text-font-size );}.elementor-4382 .elementor-element.elementor-element-f864f0f{font-size:20px;line-height:22px;}.elementor-widget-button .elementor-button{font-size:var( --e-global-typography-accent-font-size );}.elementor-4382 .elementor-element.elementor-element-cc3e6eb .elementor-button{font-size:14px;}}@media(max-width:767px){.elementor-widget-heading .elementor-heading-title{font-size:var( --e-global-typography-primary-font-size );line-height:var( --e-global-typography-primary-line-height );}.elementor-4382 .elementor-element.elementor-element-e8a4ee0 .elementor-heading-title{font-size:24px;line-height:29px;}.elementor-widget-image .widget-image-caption{font-size:var( --e-global-typography-text-font-size );}.elementor-widget-text-editor{font-size:var( --e-global-typography-text-font-size );}.elementor-4382 .elementor-element.elementor-element-f864f0f{font-size:20px;line-height:22px;}.elementor-widget-button .elementor-button{font-size:var( --e-global-typography-accent-font-size );}.elementor-4382 .elementor-element.elementor-element-cc3e6eb .elementor-button{font-size:14px;}}@media(min-width:2400px){.elementor-widget-heading .elementor-heading-title{font-size:var( --e-global-typography-primary-font-size );line-height:var( --e-global-typography-primary-line-height );}.elementor-widget-image .widget-image-caption{font-size:var( --e-global-typography-text-font-size );}.elementor-widget-text-editor{font-size:var( --e-global-typography-text-font-size );}.elementor-widget-button .elementor-button{font-size:var( --e-global-typography-accent-font-size );}}<\/style>\t\t<div data-elementor-type=\"loop-item\" data-elementor-id=\"4382\" class=\"elementor elementor-4382 elementor-1892 elementor-1892 e-loop-item e-loop-item-2196 post-2196 product type-product status-publish has-post-thumbnail hentry product-category-rotary-mowers\" data-elementor-post-type=\"elementor_library\" data-custom-edit-handle=\"1\">\n\t\t\t<div class=\"elementor-element elementor-element-39e6709 e-con-full e-flex e-con e-child\" data-id=\"39e6709\" data-element_type=\"container\" data-e-type=\"container\">\n\t\t\t\t<div class=\"elementor-element elementor-element-e8a4ee0 elementor-widget elementor-widget-heading\" data-id=\"e8a4ee0\" data-element_type=\"widget\" data-e-type=\"widget\" data-widget_type=\"heading.default\">\n\t\t\t\t<div class=\"elementor-widget-container\">\n\t\t\t\t\t<h2 class=\"elementor-heading-title elementor-size-default\">KSM60<\/h2>\t\t\t\t<\/div>\n\t\t\t\t<\/div>\n\t\t\t\t<div class=\"elementor-element elementor-element-69a2377 elementor-widget elementor-widget-image\" data-id=\"69a2377\" data-element_type=\"widget\" data-e-type=\"widget\" data-widget_type=\"image.default\">\n\t\t\t\t<div class=\"elementor-widget-container\">\n\t\t\t\t\t\t\t\t\t\t\t\t\t\t\t<img fetchpriority=\"high\" decoding=\"async\" width=\"864\" height=\"576\" src=\"https:\/\/tkcanada.com\/wp-content\/uploads\/2025\/07\/KSM60_CatPage-min.jpg\" class=\"attachment-full size-full wp-image-2199\" alt=\"KSM60 flail mower equipment displayed on CAT product page\" srcset=\"https:\/\/tkcanada.com\/wp-content\/uploads\/2025\/07\/KSM60_CatPage-min.jpg 864w, https:\/\/tkcanada.com\/wp-content\/uploads\/2025\/07\/KSM60_CatPage-min-300x200.jpg 300w, https:\/\/tkcanada.com\/wp-content\/uploads\/2025\/07\/KSM60_CatPage-min-768x512.jpg 768w\" sizes=\"(max-width: 864px) 100vw, 864px\" \/>\t\t\t\t\t\t\t\t\t\t\t\t\t\t\t<\/div>\n\t\t\t\t<\/div>\n\t\t\t\t<div class=\"elementor-element elementor-element-f864f0f elementor-widget elementor-widget-text-editor\" data-id=\"f864f0f\" data-element_type=\"widget\" data-e-type=\"widget\" data-widget_type=\"text-editor.default\">\n\t\t\t\t<div class=\"elementor-widget-container\">\n\t\t\t\t\t\t\t\t\t<strong>The KSM60<\/strong> is made for cutting heavy grass and light brush with less hassle.\t\t\t\t\t\t\t\t<\/div>\n\t\t\t\t<\/div>\n\t\t\t\t<div class=\"elementor-element elementor-element-cc3e6eb elementor-align-left elementor-widget elementor-widget-button\" data-id=\"cc3e6eb\" data-element_type=\"widget\" data-e-type=\"widget\" data-widget_type=\"button.default\">\n\t\t\t\t<div class=\"elementor-widget-container\">\n\t\t\t\t\t\t\t\t\t<div class=\"elementor-button-wrapper\">\n\t\t\t\t\t<a class=\"elementor-button elementor-button-link elementor-size-sm\" href=\"https:\/\/tkcanada.com\/fr\/product\/ksm60\/\">\n\t\t\t\t\t\t<span class=\"elementor-button-content-wrapper\">\n\t\t\t\t\t\t\t\t\t<span class=\"elementor-button-text\">Explorer les sp\u00e9cifications<\/span>\n\t\t\t\t\t<\/span>\n\t\t\t\t\t<\/a>\n\t\t\t\t<\/div>\n\t\t\t\t\t\t\t\t<\/div>\n\t\t\t\t<\/div>\n\t\t\t\t<\/div>\n\t\t\t\t<\/div>\n\t\t\t\t<\/div>\n\t\t\n\t\t\t\t\t\t<\/div>\n\t\t\t\t<\/div>\n\t\t\t\t\t<\/div>\n\t\t\t\t<\/div>\n\t\t\t\t<\/div>\n\t\t\t\t<\/div>\n\t\t","protected":false},"excerpt":{"rendered":"<p>Tondeuses rotatives<\/p>\n","protected":false},"author":1,"featured_media":0,"parent":0,"menu_order":0,"comment_status":"closed","ping_status":"closed","template":"elementor_header_footer","meta":{"_acf_changed":false,"footnotes":""},"class_list":["post-4296","page","type-page","status-publish","hentry"],"acf":[],"yoast_head":"<!-- This site is optimized with the Yoast SEO plugin v27.2 - https:\/\/yoast.com\/product\/yoast-seo-wordpress\/ -->\n<title>Tondeuses rotatives Canada | Accessoires de tondeuse robustes<\/title>\n<meta name=\"description\" content=\"D\u00e9couvrez des tondeuses rotatives robustes et des accessoires con\u00e7us pour la gestion de la v\u00e9g\u00e9tation et l\u2019entretien des p\u00e2turages partout au Canada.\" \/>\n<meta name=\"robots\" content=\"index, follow, max-snippet:-1, max-image-preview:large, max-video-preview:-1\" \/>\n<link rel=\"canonical\" href=\"https:\/\/tkcanada.com\/fr\/tondeuses-rotatives\/\" \/>\n<meta property=\"og:locale\" content=\"fr_FR\" \/>\n<meta property=\"og:type\" content=\"article\" \/>\n<meta property=\"og:title\" content=\"Tondeuses rotatives Canada | Accessoires de tondeuse robustes\" \/>\n<meta property=\"og:description\" content=\"D\u00e9couvrez des tondeuses rotatives robustes et des accessoires con\u00e7us pour la gestion de la v\u00e9g\u00e9tation et l\u2019entretien des p\u00e2turages partout au Canada.\" \/>\n<meta property=\"og:url\" content=\"https:\/\/tkcanada.com\/fr\/tondeuses-rotatives\/\" \/>\n<meta property=\"og:site_name\" content=\"Terrainking Canada\" \/>\n<meta property=\"article:publisher\" content=\"https:\/\/www.facebook.com\/terrain.king\" \/>\n<meta property=\"article:modified_time\" content=\"2026-03-25T10:04:56+00:00\" \/>\n<meta name=\"twitter:card\" content=\"summary_large_image\" \/>\n<script type=\"application\/ld+json\" class=\"yoast-schema-graph\">{\"@context\":\"https:\/\/schema.org\",\"@graph\":[{\"@type\":\"WebPage\",\"@id\":\"https:\/\/tkcanada.com\/fr\/tondeuses-rotatives\/\",\"url\":\"https:\/\/tkcanada.com\/fr\/tondeuses-rotatives\/\",\"name\":\"Tondeuses rotatives Canada | Accessoires de tondeuse robustes\",\"isPartOf\":{\"@id\":\"https:\/\/tkcanada.com\/#website\"},\"datePublished\":\"2025-07-28T07:07:41+00:00\",\"dateModified\":\"2026-03-25T10:04:56+00:00\",\"description\":\"D\u00e9couvrez des tondeuses rotatives robustes et des accessoires con\u00e7us pour la gestion de la v\u00e9g\u00e9tation et l\u2019entretien des p\u00e2turages partout au Canada.\",\"breadcrumb\":{\"@id\":\"https:\/\/tkcanada.com\/fr\/tondeuses-rotatives\/#breadcrumb\"},\"inLanguage\":\"fr-FR\",\"potentialAction\":[{\"@type\":\"ReadAction\",\"target\":[\"https:\/\/tkcanada.com\/fr\/tondeuses-rotatives\/\"]}]},{\"@type\":\"BreadcrumbList\",\"@id\":\"https:\/\/tkcanada.com\/fr\/tondeuses-rotatives\/#breadcrumb\",\"itemListElement\":[{\"@type\":\"ListItem\",\"position\":1,\"name\":\"Home\",\"item\":\"https:\/\/tkcanada.com\/fr\/accueil\/\"},{\"@type\":\"ListItem\",\"position\":2,\"name\":\"Tondeuses rotatives\"}]},{\"@type\":\"WebSite\",\"@id\":\"https:\/\/tkcanada.com\/#website\",\"url\":\"https:\/\/tkcanada.com\/\",\"name\":\"Terrainking Canada\",\"description\":\"Terrainking Canada\",\"publisher\":{\"@id\":\"https:\/\/tkcanada.com\/#organization\"},\"potentialAction\":[{\"@type\":\"SearchAction\",\"target\":{\"@type\":\"EntryPoint\",\"urlTemplate\":\"https:\/\/tkcanada.com\/?s={search_term_string}\"},\"query-input\":{\"@type\":\"PropertyValueSpecification\",\"valueRequired\":true,\"valueName\":\"search_term_string\"}}],\"inLanguage\":\"fr-FR\"},{\"@type\":\"Organization\",\"@id\":\"https:\/\/tkcanada.com\/#organization\",\"name\":\"TERRAINKING CANADA\",\"alternateName\":\"TERRAINKING CANADA\",\"url\":\"https:\/\/tkcanada.com\/\",\"logo\":{\"@type\":\"ImageObject\",\"inLanguage\":\"fr-FR\",\"@id\":\"https:\/\/tkcanada.com\/#\/schema\/logo\/image\/\",\"url\":\"https:\/\/tkcanada.com\/wp-content\/uploads\/2025\/06\/Logo-5.png\",\"contentUrl\":\"https:\/\/tkcanada.com\/wp-content\/uploads\/2025\/06\/Logo-5.png\",\"width\":330,\"height\":80,\"caption\":\"TERRAINKING CANADA\"},\"image\":{\"@id\":\"https:\/\/tkcanada.com\/#\/schema\/logo\/image\/\"},\"sameAs\":[\"https:\/\/www.facebook.com\/terrain.king\",\"https:\/\/www.linkedin.com\/showcase\/terrain-king\/\",\"https:\/\/www.instagram.com\/terrain.king\/\",\"https:\/\/youtu.be\/nhLqv8on1WE\"]}]}<\/script>\n<!-- \/ Yoast SEO plugin. -->","yoast_head_json":{"title":"Tondeuses rotatives Canada | Accessoires de tondeuse robustes","description":"D\u00e9couvrez des tondeuses rotatives robustes et des accessoires con\u00e7us pour la gestion de la v\u00e9g\u00e9tation et l\u2019entretien des p\u00e2turages partout au Canada.","robots":{"index":"index","follow":"follow","max-snippet":"max-snippet:-1","max-image-preview":"max-image-preview:large","max-video-preview":"max-video-preview:-1"},"canonical":"https:\/\/tkcanada.com\/fr\/tondeuses-rotatives\/","og_locale":"fr_FR","og_type":"article","og_title":"Tondeuses rotatives Canada | Accessoires de tondeuse robustes","og_description":"D\u00e9couvrez des tondeuses rotatives robustes et des accessoires con\u00e7us pour la gestion de la v\u00e9g\u00e9tation et l\u2019entretien des p\u00e2turages partout au Canada.","og_url":"https:\/\/tkcanada.com\/fr\/tondeuses-rotatives\/","og_site_name":"Terrainking Canada","article_publisher":"https:\/\/www.facebook.com\/terrain.king","article_modified_time":"2026-03-25T10:04:56+00:00","twitter_card":"summary_large_image","schema":{"@context":"https:\/\/schema.org","@graph":[{"@type":"WebPage","@id":"https:\/\/tkcanada.com\/fr\/tondeuses-rotatives\/","url":"https:\/\/tkcanada.com\/fr\/tondeuses-rotatives\/","name":"Tondeuses rotatives Canada | Accessoires de tondeuse robustes","isPartOf":{"@id":"https:\/\/tkcanada.com\/#website"},"datePublished":"2025-07-28T07:07:41+00:00","dateModified":"2026-03-25T10:04:56+00:00","description":"D\u00e9couvrez des tondeuses rotatives robustes et des accessoires con\u00e7us pour la gestion de la v\u00e9g\u00e9tation et l\u2019entretien des p\u00e2turages partout au Canada.","breadcrumb":{"@id":"https:\/\/tkcanada.com\/fr\/tondeuses-rotatives\/#breadcrumb"},"inLanguage":"fr-FR","potentialAction":[{"@type":"ReadAction","target":["https:\/\/tkcanada.com\/fr\/tondeuses-rotatives\/"]}]},{"@type":"BreadcrumbList","@id":"https:\/\/tkcanada.com\/fr\/tondeuses-rotatives\/#breadcrumb","itemListElement":[{"@type":"ListItem","position":1,"name":"Home","item":"https:\/\/tkcanada.com\/fr\/accueil\/"},{"@type":"ListItem","position":2,"name":"Tondeuses rotatives"}]},{"@type":"WebSite","@id":"https:\/\/tkcanada.com\/#website","url":"https:\/\/tkcanada.com\/","name":"Terrainking Canada","description":"Terrainking Canada","publisher":{"@id":"https:\/\/tkcanada.com\/#organization"},"potentialAction":[{"@type":"SearchAction","target":{"@type":"EntryPoint","urlTemplate":"https:\/\/tkcanada.com\/?s={search_term_string}"},"query-input":{"@type":"PropertyValueSpecification","valueRequired":true,"valueName":"search_term_string"}}],"inLanguage":"fr-FR"},{"@type":"Organization","@id":"https:\/\/tkcanada.com\/#organization","name":"TERRAINKING CANADA","alternateName":"TERRAINKING CANADA","url":"https:\/\/tkcanada.com\/","logo":{"@type":"ImageObject","inLanguage":"fr-FR","@id":"https:\/\/tkcanada.com\/#\/schema\/logo\/image\/","url":"https:\/\/tkcanada.com\/wp-content\/uploads\/2025\/06\/Logo-5.png","contentUrl":"https:\/\/tkcanada.com\/wp-content\/uploads\/2025\/06\/Logo-5.png","width":330,"height":80,"caption":"TERRAINKING CANADA"},"image":{"@id":"https:\/\/tkcanada.com\/#\/schema\/logo\/image\/"},"sameAs":["https:\/\/www.facebook.com\/terrain.king","https:\/\/www.linkedin.com\/showcase\/terrain-king\/","https:\/\/www.instagram.com\/terrain.king\/","https:\/\/youtu.be\/nhLqv8on1WE"]}]}},"_links":{"self":[{"href":"https:\/\/tkcanada.com\/fr\/wp-json\/wp\/v2\/pages\/4296","targetHints":{"allow":["GET"]}}],"collection":[{"href":"https:\/\/tkcanada.com\/fr\/wp-json\/wp\/v2\/pages"}],"about":[{"href":"https:\/\/tkcanada.com\/fr\/wp-json\/wp\/v2\/types\/page"}],"author":[{"embeddable":true,"href":"https:\/\/tkcanada.com\/fr\/wp-json\/wp\/v2\/users\/1"}],"replies":[{"embeddable":true,"href":"https:\/\/tkcanada.com\/fr\/wp-json\/wp\/v2\/comments?post=4296"}],"version-history":[{"count":1,"href":"https:\/\/tkcanada.com\/fr\/wp-json\/wp\/v2\/pages\/4296\/revisions"}],"predecessor-version":[{"id":4297,"href":"https:\/\/tkcanada.com\/fr\/wp-json\/wp\/v2\/pages\/4296\/revisions\/4297"}],"wp:attachment":[{"href":"https:\/\/tkcanada.com\/fr\/wp-json\/wp\/v2\/media?parent=4296"}],"curies":[{"name":"wp","href":"https:\/\/api.w.org\/{rel}","templated":true}]}}