{"id":4336,"date":"2025-07-21T05:17:05","date_gmt":"2025-07-21T05:17:05","guid":{"rendered":"https:\/\/tkcanada.com\/gouvernement\/"},"modified":"2026-04-20T05:19:36","modified_gmt":"2026-04-20T05:19:36","slug":"gouvernement","status":"publish","type":"page","link":"https:\/\/tkcanada.com\/fr\/gouvernement\/","title":{"rendered":"Gouvernement"},"content":{"rendered":"\t\t<div data-elementor-type=\"wp-page\" data-elementor-id=\"4336\" class=\"elementor elementor-4336 elementor-815\" data-elementor-post-type=\"page\">\n\t\t\t\t<div class=\"elementor-element elementor-element-f5fb972 e-con-full e-flex e-con e-parent\" data-id=\"f5fb972\" data-element_type=\"container\" data-e-type=\"container\" data-settings=\"{&quot;background_background&quot;:&quot;classic&quot;}\">\n\t\t<div class=\"elementor-element elementor-element-5d21985 e-flex e-con-boxed e-con e-child\" data-id=\"5d21985\" data-element_type=\"container\" data-e-type=\"container\">\n\t\t\t\t\t<div class=\"e-con-inner\">\n\t\t\t\t<div class=\"elementor-element elementor-element-0dfbc4f elementor-widget elementor-widget-heading\" data-id=\"0dfbc4f\" data-element_type=\"widget\" data-e-type=\"widget\" data-widget_type=\"heading.default\">\n\t\t\t\t<div class=\"elementor-widget-container\">\n\t\t\t\t\t<h1 class=\"elementor-heading-title elementor-size-default\">SOLUTIONS GOUVERNEMENTALES<\/h1>\t\t\t\t<\/div>\n\t\t\t\t<\/div>\n\t\t\t\t\t<\/div>\n\t\t\t\t<\/div>\n\t\t\t\t<\/div>\n\t\t<div class=\"elementor-element elementor-element-629697c e-con-full e-flex e-con e-parent\" data-id=\"629697c\" data-element_type=\"container\" data-e-type=\"container\">\n\t\t<div class=\"elementor-element elementor-element-065cc69 e-flex e-con-boxed e-con e-child\" data-id=\"065cc69\" data-element_type=\"container\" data-e-type=\"container\">\n\t\t\t\t\t<div class=\"e-con-inner\">\n\t\t<div class=\"elementor-element elementor-element-b03dd20 e-con-full e-flex e-con e-child\" data-id=\"b03dd20\" data-element_type=\"container\" data-e-type=\"container\">\n\t\t\t\t<div class=\"elementor-element elementor-element-8981a82 elementor-widget elementor-widget-heading\" data-id=\"8981a82\" data-element_type=\"widget\" data-e-type=\"widget\" data-widget_type=\"heading.default\">\n\t\t\t\t<div class=\"elementor-widget-container\">\n\t\t\t\t\t<h2 class=\"elementor-heading-title elementor-size-default\">GOUVERNEMENT<\/h2>\t\t\t\t<\/div>\n\t\t\t\t<\/div>\n\t\t\t\t<div class=\"elementor-element elementor-element-ef8fda5 elementor-widget__width-initial elementor-widget elementor-widget-text-editor\" data-id=\"ef8fda5\" data-element_type=\"widget\" data-e-type=\"widget\" data-widget_type=\"text-editor.default\">\n\t\t\t\t<div class=\"elementor-widget-container\">\n\t\t\t\t\t\t\t\t\t<p>L&rsquo;acquisition d&rsquo;\u00e9quipement pour les municipalit\u00e9s et les cantons peut s&rsquo;av\u00e9rer une t\u00e2che complexe. L&rsquo;achat coop\u00e9ratif peut vous aider \u00e0 acqu\u00e9rir des actifs tout en b\u00e9n\u00e9ficiant du soutien de concessionnaires locaux fiables. Obtenez l&rsquo;\u00e9quipement Terrain King et les services de concessionnaires gr\u00e2ce aux ententes avec Sourcewell et Canoe Canada. Si vous \u00eates une entit\u00e9 gouvernementale et que vous poss\u00e9dez actuellement nos produits ou que vous \u00eates int\u00e9ress\u00e9 par ceux-ci, veuillez nous contacter pour obtenir de plus amples informations sur l&rsquo;\u00e9quipement, les services et les documents relatifs au secteur gouvernemental.  <\/p>\t\t\t\t\t\t\t\t<\/div>\n\t\t\t\t<\/div>\n\t\t\t\t<div class=\"elementor-element elementor-element-5f401da elementor-widget__width-initial elementor-widget elementor-widget-text-editor\" data-id=\"5f401da\" data-element_type=\"widget\" data-e-type=\"widget\" data-widget_type=\"text-editor.default\">\n\t\t\t\t<div class=\"elementor-widget-container\">\n\t\t\t\t\t\t\t\t\t<p><a href=\"https:\/\/www.sourcewell-mn.gov\/cooperative-purchasing\/070821-agi-1\">Sourcewell<\/a> &#8211; Contrat n\u00b0 032525-AGI<br><a href=\"https:\/\/canoeprocurement.ca\/program\/grounds-maintenance-program\/\">Canoe Canada<\/a> &#8211; Contrat n\u00b0 070821-AGI<\/p>\t\t\t\t\t\t\t\t<\/div>\n\t\t\t\t<\/div>\n\t\t\t\t<\/div>\n\t\t<div class=\"elementor-element elementor-element-0a41b00 e-con-full e-flex e-con e-child\" data-id=\"0a41b00\" data-element_type=\"container\" data-e-type=\"container\">\n\t\t\t\t<div class=\"elementor-element elementor-element-ffc8b4a elementor-widget elementor-widget-image\" data-id=\"ffc8b4a\" data-element_type=\"widget\" data-e-type=\"widget\" data-widget_type=\"image.default\">\n\t\t\t\t<div class=\"elementor-widget-container\">\n\t\t\t\t\t\t\t\t\t\t\t\t\t\t\t<img fetchpriority=\"high\" decoding=\"async\" width=\"2560\" height=\"871\" src=\"https:\/\/tkcanada.com\/wp-content\/uploads\/2025\/07\/GovernmentBanner2-min-scaled.jpg\" class=\"attachment-full size-full wp-image-4340\" alt=\"Banni\u00e8re de solutions gouvernementales pr\u00e9sentant l&#039;\u00e9quipement Terrain King\" srcset=\"https:\/\/tkcanada.com\/wp-content\/uploads\/2025\/07\/GovernmentBanner2-min-scaled.jpg 2560w, https:\/\/tkcanada.com\/wp-content\/uploads\/2025\/07\/GovernmentBanner2-min-300x102.jpg 300w, https:\/\/tkcanada.com\/wp-content\/uploads\/2025\/07\/GovernmentBanner2-min-1024x349.jpg 1024w, https:\/\/tkcanada.com\/wp-content\/uploads\/2025\/07\/GovernmentBanner2-min-768x261.jpg 768w, https:\/\/tkcanada.com\/wp-content\/uploads\/2025\/07\/GovernmentBanner2-min-1536x523.jpg 1536w, https:\/\/tkcanada.com\/wp-content\/uploads\/2025\/07\/GovernmentBanner2-min-2048x697.jpg 2048w\" sizes=\"(max-width: 2560px) 100vw, 2560px\" \/>\t\t\t\t\t\t\t\t\t\t\t\t\t\t\t<\/div>\n\t\t\t\t<\/div>\n\t\t\t\t<\/div>\n\t\t\t\t\t<\/div>\n\t\t\t\t<\/div>\n\t\t\t\t<\/div>\n\t\t<div class=\"elementor-element elementor-element-d3ab3e7 e-con-full elementor-hidden-widescreen elementor-hidden-desktop elementor-hidden-laptop elementor-hidden-tablet_extra elementor-hidden-tablet elementor-hidden-mobile_extra elementor-hidden-mobile e-flex e-con e-parent\" data-id=\"d3ab3e7\" data-element_type=\"container\" data-e-type=\"container\" data-settings=\"{&quot;background_background&quot;:&quot;classic&quot;}\">\n\t\t<div class=\"elementor-element elementor-element-618409c e-flex e-con-boxed e-con e-child\" data-id=\"618409c\" data-element_type=\"container\" data-e-type=\"container\">\n\t\t\t\t\t<div class=\"e-con-inner\">\n\t\t<div class=\"elementor-element elementor-element-228b5f4 e-con-full e-flex e-con e-child\" data-id=\"228b5f4\" data-element_type=\"container\" data-e-type=\"container\">\n\t\t\t\t<div class=\"elementor-element elementor-element-549364e elementor-widget elementor-widget-image\" data-id=\"549364e\" data-element_type=\"widget\" data-e-type=\"widget\" data-widget_type=\"image.default\">\n\t\t\t\t<div class=\"elementor-widget-container\">\n\t\t\t\t\t\t\t\t\t\t\t\t\t\t\t<img decoding=\"async\" width=\"304\" height=\"143\" src=\"https:\/\/tkcanada.com\/wp-content\/uploads\/2025\/07\/Awarded_Contract_blue_070821-AGI_Cropped-1.png\" class=\"attachment-full size-full wp-image-4345\" alt=\"Certificat de contrat attribu\u00e9 pour l&#039;\u00e9quipement Terrain King Canada\" srcset=\"https:\/\/tkcanada.com\/wp-content\/uploads\/2025\/07\/Awarded_Contract_blue_070821-AGI_Cropped-1.png 304w, https:\/\/tkcanada.com\/wp-content\/uploads\/2025\/07\/Awarded_Contract_blue_070821-AGI_Cropped-1-300x141.png 300w\" sizes=\"(max-width: 304px) 100vw, 304px\" \/>\t\t\t\t\t\t\t\t\t\t\t\t\t\t\t<\/div>\n\t\t\t\t<\/div>\n\t\t\t\t<div class=\"elementor-element elementor-element-b52a915 elementor-widget elementor-widget-text-editor\" data-id=\"b52a915\" data-element_type=\"widget\" data-e-type=\"widget\" data-widget_type=\"text-editor.default\">\n\t\t\t\t<div class=\"elementor-widget-container\">\n\t\t\t\t\t\t\t\t\t<p>Contrat n\u00b0 70821-AGI-1<\/p>\t\t\t\t\t\t\t\t<\/div>\n\t\t\t\t<\/div>\n\t\t\t\t<\/div>\n\t\t<div class=\"elementor-element elementor-element-c84aa15 e-con-full e-flex e-con e-child\" data-id=\"c84aa15\" data-element_type=\"container\" data-e-type=\"container\">\n\t\t\t\t<div class=\"elementor-element elementor-element-c5eca35 elementor-widget elementor-widget-image\" data-id=\"c5eca35\" data-element_type=\"widget\" data-e-type=\"widget\" data-widget_type=\"image.default\">\n\t\t\t\t<div class=\"elementor-widget-container\">\n\t\t\t\t\t\t\t\t\t\t\t\t\t\t\t<img decoding=\"async\" width=\"414\" height=\"138\" src=\"https:\/\/tkcanada.com\/wp-content\/uploads\/2025\/07\/logo-3.png\" class=\"attachment-full size-full wp-image-4342\" alt=\"Logo secondaire de Terrain King Canada pour site web ou marketing\" srcset=\"https:\/\/tkcanada.com\/wp-content\/uploads\/2025\/07\/logo-3.png 414w, https:\/\/tkcanada.com\/wp-content\/uploads\/2025\/07\/logo-3-300x100.png 300w\" sizes=\"(max-width: 414px) 100vw, 414px\" \/>\t\t\t\t\t\t\t\t\t\t\t\t\t\t\t<\/div>\n\t\t\t\t<\/div>\n\t\t\t\t<div class=\"elementor-element elementor-element-8ed19f0 elementor-widget elementor-widget-text-editor\" data-id=\"8ed19f0\" data-element_type=\"widget\" data-e-type=\"widget\" data-widget_type=\"text-editor.default\">\n\t\t\t\t<div class=\"elementor-widget-container\">\n\t\t\t\t\t\t\t\t\t<p>Contrat n\u00b0 706-23<\/p>\t\t\t\t\t\t\t\t<\/div>\n\t\t\t\t<\/div>\n\t\t\t\t<\/div>\n\t\t<div class=\"elementor-element elementor-element-f2b5113 e-con-full e-flex e-con e-child\" data-id=\"f2b5113\" data-element_type=\"container\" data-e-type=\"container\">\n\t\t\t\t<div class=\"elementor-element elementor-element-77bf4f1 elementor-widget elementor-widget-image\" data-id=\"77bf4f1\" data-element_type=\"widget\" data-e-type=\"widget\" data-widget_type=\"image.default\">\n\t\t\t\t<div class=\"elementor-widget-container\">\n\t\t\t\t\t\t\t\t\t\t\t\t\t\t\t<img loading=\"lazy\" decoding=\"async\" width=\"831\" height=\"389\" src=\"https:\/\/tkcanada.com\/wp-content\/uploads\/2025\/07\/Awarded-Supplier-Grey-1.png\" class=\"attachment-full size-full wp-image-4346\" alt=\"Certification de fournisseur attribu\u00e9 pour Terrain King Canada\" srcset=\"https:\/\/tkcanada.com\/wp-content\/uploads\/2025\/07\/Awarded-Supplier-Grey-1.png 831w, https:\/\/tkcanada.com\/wp-content\/uploads\/2025\/07\/Awarded-Supplier-Grey-1-300x140.png 300w, https:\/\/tkcanada.com\/wp-content\/uploads\/2025\/07\/Awarded-Supplier-Grey-1-768x360.png 768w\" sizes=\"(max-width: 831px) 100vw, 831px\" \/>\t\t\t\t\t\t\t\t\t\t\t\t\t\t\t<\/div>\n\t\t\t\t<\/div>\n\t\t\t\t<div class=\"elementor-element elementor-element-c784528 elementor-widget elementor-widget-text-editor\" data-id=\"c784528\" data-element_type=\"widget\" data-e-type=\"widget\" data-widget_type=\"text-editor.default\">\n\t\t\t\t<div class=\"elementor-widget-container\">\n\t\t\t\t\t\t\t\t\t<p>Contrat n\u00b0 61514<\/p>\t\t\t\t\t\t\t\t<\/div>\n\t\t\t\t<\/div>\n\t\t\t\t<\/div>\n\t\t<div class=\"elementor-element elementor-element-0ca30f3 e-con-full e-flex e-con e-child\" data-id=\"0ca30f3\" data-element_type=\"container\" data-e-type=\"container\">\n\t\t\t\t<div class=\"elementor-element elementor-element-9f4d10d elementor-widget elementor-widget-image\" data-id=\"9f4d10d\" data-element_type=\"widget\" data-e-type=\"widget\" data-widget_type=\"image.default\">\n\t\t\t\t<div class=\"elementor-widget-container\">\n\t\t\t\t\t\t\t\t\t\t\t\t\t\t\t<img loading=\"lazy\" decoding=\"async\" width=\"833\" height=\"335\" src=\"https:\/\/tkcanada.com\/wp-content\/uploads\/2025\/07\/Canoe-Approved-Badge-Graphic-navy.png\" class=\"attachment-full size-full wp-image-4344\" alt=\"Badge graphique approuv\u00e9 Canoe pour les fournisseurs d&#039;\u00e9quipement autoris\u00e9s\" srcset=\"https:\/\/tkcanada.com\/wp-content\/uploads\/2025\/07\/Canoe-Approved-Badge-Graphic-navy.png 833w, https:\/\/tkcanada.com\/wp-content\/uploads\/2025\/07\/Canoe-Approved-Badge-Graphic-navy-300x121.png 300w, https:\/\/tkcanada.com\/wp-content\/uploads\/2025\/07\/Canoe-Approved-Badge-Graphic-navy-768x309.png 768w\" sizes=\"(max-width: 833px) 100vw, 833px\" \/>\t\t\t\t\t\t\t\t\t\t\t\t\t\t\t<\/div>\n\t\t\t\t<\/div>\n\t\t\t\t<div class=\"elementor-element elementor-element-29651d7 elementor-widget elementor-widget-text-editor\" data-id=\"29651d7\" data-element_type=\"widget\" data-e-type=\"widget\" data-widget_type=\"text-editor.default\">\n\t\t\t\t<div class=\"elementor-widget-container\">\n\t\t\t\t\t\t\t\t\t<p>Contrat n\u00b0 070821-AGI-1<\/p>\t\t\t\t\t\t\t\t<\/div>\n\t\t\t\t<\/div>\n\t\t\t\t<\/div>\n\t\t\t\t\t<\/div>\n\t\t\t\t<\/div>\n\t\t\t\t<\/div>\n\t\t\t\t<\/div>\n\t\t","protected":false},"excerpt":{"rendered":"<p>SOLUTIONS GOUVERNEMENTALES GOUVERNEMENT L&rsquo;acquisition d&rsquo;\u00e9quipement pour les municipalit\u00e9s et les cantons peut s&rsquo;av\u00e9rer une t\u00e2che complexe. L&rsquo;achat coop\u00e9ratif peut vous aider \u00e0 acqu\u00e9rir des actifs tout en b\u00e9n\u00e9ficiant du soutien de concessionnaires locaux fiables. Obtenez l&rsquo;\u00e9quipement Terrain King et les services de concessionnaires gr\u00e2ce aux ententes avec Sourcewell et Canoe Canada. Si vous \u00eates une [&hellip;]<\/p>\n","protected":false},"author":1,"featured_media":0,"parent":0,"menu_order":0,"comment_status":"closed","ping_status":"closed","template":"elementor_header_footer","meta":{"_acf_changed":false,"footnotes":""},"class_list":["post-4336","page","type-page","status-publish","hentry"],"acf":[],"yoast_head":"<!-- This site is optimized with the Yoast SEO plugin v27.2 - https:\/\/yoast.com\/product\/yoast-seo-wordpress\/ -->\n<title>\u00c9quipement de gestion de la v\u00e9g\u00e9tation pour le gouvernement au Canada | Terrain King Canada<\/title>\n<meta name=\"description\" content=\"Solutions d&#039;\u00e9quipement de gestion de la v\u00e9g\u00e9tation pour les besoins gouvernementaux et municipaux, incluant les faucheuses \u00e0 bras et accessoires pour les travaux publics canadiens.\" \/>\n<meta name=\"robots\" content=\"index, follow, max-snippet:-1, max-image-preview:large, max-video-preview:-1\" \/>\n<link rel=\"canonical\" href=\"https:\/\/tkcanada.com\/government\/\" \/>\n<meta property=\"og:locale\" content=\"fr_FR\" \/>\n<meta property=\"og:type\" content=\"article\" \/>\n<meta property=\"og:title\" content=\"\u00c9quipement de gestion de la v\u00e9g\u00e9tation pour le gouvernement au Canada | Terrain King Canada\" \/>\n<meta property=\"og:description\" content=\"Solutions d&#039;\u00e9quipement de gestion de la v\u00e9g\u00e9tation pour les besoins gouvernementaux et municipaux, incluant les faucheuses \u00e0 bras et accessoires pour les travaux publics canadiens.\" \/>\n<meta property=\"og:url\" content=\"https:\/\/tkcanada.com\/government\/\" \/>\n<meta property=\"og:site_name\" content=\"Terrainking Canada\" \/>\n<meta property=\"article:publisher\" content=\"https:\/\/www.facebook.com\/terrain.king\" \/>\n<meta property=\"article:modified_time\" content=\"2026-04-20T05:19:36+00:00\" \/>\n<meta property=\"og:image\" content=\"https:\/\/tkcanada.com\/wp-content\/uploads\/2025\/07\/GovernmentBanner2-min-scaled.jpg\" \/>\n\t<meta property=\"og:image:width\" content=\"2560\" \/>\n\t<meta property=\"og:image:height\" content=\"871\" \/>\n\t<meta property=\"og:image:type\" content=\"image\/jpeg\" \/>\n<meta name=\"twitter:card\" content=\"summary_large_image\" \/>\n<meta name=\"twitter:label1\" content=\"Dur\u00e9e de lecture estim\u00e9e\" \/>\n\t<meta name=\"twitter:data1\" content=\"1 minute\" \/>\n<script type=\"application\/ld+json\" class=\"yoast-schema-graph\">{\"@context\":\"https:\/\/schema.org\",\"@graph\":[{\"@type\":\"WebPage\",\"@id\":\"https:\/\/tkcanada.com\/government\/\",\"url\":\"https:\/\/tkcanada.com\/government\/\",\"name\":\"\u00c9quipement de gestion de la v\u00e9g\u00e9tation pour le gouvernement au Canada | Terrain King Canada\",\"isPartOf\":{\"@id\":\"https:\/\/tkcanada.com\/#website\"},\"primaryImageOfPage\":{\"@id\":\"https:\/\/tkcanada.com\/government\/#primaryimage\"},\"image\":{\"@id\":\"https:\/\/tkcanada.com\/government\/#primaryimage\"},\"thumbnailUrl\":\"https:\/\/tkcanada.com\/wp-content\/uploads\/2025\/07\/GovernmentBanner2-min-scaled.jpg\",\"datePublished\":\"2025-07-21T05:17:05+00:00\",\"dateModified\":\"2026-04-20T05:19:36+00:00\",\"description\":\"Solutions d'\u00e9quipement de gestion de la v\u00e9g\u00e9tation pour les besoins gouvernementaux et municipaux, incluant les faucheuses \u00e0 bras et accessoires pour les travaux publics canadiens.\",\"breadcrumb\":{\"@id\":\"https:\/\/tkcanada.com\/government\/#breadcrumb\"},\"inLanguage\":\"fr-FR\",\"potentialAction\":[{\"@type\":\"ReadAction\",\"target\":[\"https:\/\/tkcanada.com\/government\/\"]}]},{\"@type\":\"ImageObject\",\"inLanguage\":\"fr-FR\",\"@id\":\"https:\/\/tkcanada.com\/government\/#primaryimage\",\"url\":\"https:\/\/tkcanada.com\/wp-content\/uploads\/2025\/07\/GovernmentBanner2-min-scaled.jpg\",\"contentUrl\":\"https:\/\/tkcanada.com\/wp-content\/uploads\/2025\/07\/GovernmentBanner2-min-scaled.jpg\"},{\"@type\":\"BreadcrumbList\",\"@id\":\"https:\/\/tkcanada.com\/government\/#breadcrumb\",\"itemListElement\":[{\"@type\":\"ListItem\",\"position\":1,\"name\":\"Home\",\"item\":\"https:\/\/tkcanada.com\/fr\/accueil\/\"},{\"@type\":\"ListItem\",\"position\":2,\"name\":\"Gouvernement\"}]},{\"@type\":\"WebSite\",\"@id\":\"https:\/\/tkcanada.com\/#website\",\"url\":\"https:\/\/tkcanada.com\/\",\"name\":\"Terrainking Canada\",\"description\":\"Terrainking Canada\",\"publisher\":{\"@id\":\"https:\/\/tkcanada.com\/#organization\"},\"potentialAction\":[{\"@type\":\"SearchAction\",\"target\":{\"@type\":\"EntryPoint\",\"urlTemplate\":\"https:\/\/tkcanada.com\/?s={search_term_string}\"},\"query-input\":{\"@type\":\"PropertyValueSpecification\",\"valueRequired\":true,\"valueName\":\"search_term_string\"}}],\"inLanguage\":\"fr-FR\"},{\"@type\":\"Organization\",\"@id\":\"https:\/\/tkcanada.com\/#organization\",\"name\":\"TERRAINKING CANADA\",\"alternateName\":\"TERRAINKING CANADA\",\"url\":\"https:\/\/tkcanada.com\/\",\"logo\":{\"@type\":\"ImageObject\",\"inLanguage\":\"fr-FR\",\"@id\":\"https:\/\/tkcanada.com\/#\/schema\/logo\/image\/\",\"url\":\"https:\/\/tkcanada.com\/wp-content\/uploads\/2025\/06\/Logo-5.png\",\"contentUrl\":\"https:\/\/tkcanada.com\/wp-content\/uploads\/2025\/06\/Logo-5.png\",\"width\":330,\"height\":80,\"caption\":\"TERRAINKING CANADA\"},\"image\":{\"@id\":\"https:\/\/tkcanada.com\/#\/schema\/logo\/image\/\"},\"sameAs\":[\"https:\/\/www.facebook.com\/terrain.king\",\"https:\/\/www.linkedin.com\/showcase\/terrain-king\/\",\"https:\/\/www.instagram.com\/terrain.king\/\",\"https:\/\/youtu.be\/nhLqv8on1WE\"]}]}<\/script>\n<!-- \/ Yoast SEO plugin. -->","yoast_head_json":{"title":"\u00c9quipement de gestion de la v\u00e9g\u00e9tation pour le gouvernement au Canada | Terrain King Canada","description":"Solutions d'\u00e9quipement de gestion de la v\u00e9g\u00e9tation pour les besoins gouvernementaux et municipaux, incluant les faucheuses \u00e0 bras et accessoires pour les travaux publics canadiens.","robots":{"index":"index","follow":"follow","max-snippet":"max-snippet:-1","max-image-preview":"max-image-preview:large","max-video-preview":"max-video-preview:-1"},"canonical":"https:\/\/tkcanada.com\/government\/","og_locale":"fr_FR","og_type":"article","og_title":"\u00c9quipement de gestion de la v\u00e9g\u00e9tation pour le gouvernement au Canada | Terrain King Canada","og_description":"Solutions d'\u00e9quipement de gestion de la v\u00e9g\u00e9tation pour les besoins gouvernementaux et municipaux, incluant les faucheuses \u00e0 bras et accessoires pour les travaux publics canadiens.","og_url":"https:\/\/tkcanada.com\/government\/","og_site_name":"Terrainking Canada","article_publisher":"https:\/\/www.facebook.com\/terrain.king","article_modified_time":"2026-04-20T05:19:36+00:00","og_image":[{"width":2560,"height":871,"url":"https:\/\/tkcanada.com\/wp-content\/uploads\/2025\/07\/GovernmentBanner2-min-scaled.jpg","type":"image\/jpeg"}],"twitter_card":"summary_large_image","twitter_misc":{"Dur\u00e9e de lecture estim\u00e9e":"1 minute"},"schema":{"@context":"https:\/\/schema.org","@graph":[{"@type":"WebPage","@id":"https:\/\/tkcanada.com\/government\/","url":"https:\/\/tkcanada.com\/government\/","name":"\u00c9quipement de gestion de la v\u00e9g\u00e9tation pour le gouvernement au Canada | Terrain King Canada","isPartOf":{"@id":"https:\/\/tkcanada.com\/#website"},"primaryImageOfPage":{"@id":"https:\/\/tkcanada.com\/government\/#primaryimage"},"image":{"@id":"https:\/\/tkcanada.com\/government\/#primaryimage"},"thumbnailUrl":"https:\/\/tkcanada.com\/wp-content\/uploads\/2025\/07\/GovernmentBanner2-min-scaled.jpg","datePublished":"2025-07-21T05:17:05+00:00","dateModified":"2026-04-20T05:19:36+00:00","description":"Solutions d'\u00e9quipement de gestion de la v\u00e9g\u00e9tation pour les besoins gouvernementaux et municipaux, incluant les faucheuses \u00e0 bras et accessoires pour les travaux publics canadiens.","breadcrumb":{"@id":"https:\/\/tkcanada.com\/government\/#breadcrumb"},"inLanguage":"fr-FR","potentialAction":[{"@type":"ReadAction","target":["https:\/\/tkcanada.com\/government\/"]}]},{"@type":"ImageObject","inLanguage":"fr-FR","@id":"https:\/\/tkcanada.com\/government\/#primaryimage","url":"https:\/\/tkcanada.com\/wp-content\/uploads\/2025\/07\/GovernmentBanner2-min-scaled.jpg","contentUrl":"https:\/\/tkcanada.com\/wp-content\/uploads\/2025\/07\/GovernmentBanner2-min-scaled.jpg"},{"@type":"BreadcrumbList","@id":"https:\/\/tkcanada.com\/government\/#breadcrumb","itemListElement":[{"@type":"ListItem","position":1,"name":"Home","item":"https:\/\/tkcanada.com\/fr\/accueil\/"},{"@type":"ListItem","position":2,"name":"Gouvernement"}]},{"@type":"WebSite","@id":"https:\/\/tkcanada.com\/#website","url":"https:\/\/tkcanada.com\/","name":"Terrainking Canada","description":"Terrainking Canada","publisher":{"@id":"https:\/\/tkcanada.com\/#organization"},"potentialAction":[{"@type":"SearchAction","target":{"@type":"EntryPoint","urlTemplate":"https:\/\/tkcanada.com\/?s={search_term_string}"},"query-input":{"@type":"PropertyValueSpecification","valueRequired":true,"valueName":"search_term_string"}}],"inLanguage":"fr-FR"},{"@type":"Organization","@id":"https:\/\/tkcanada.com\/#organization","name":"TERRAINKING CANADA","alternateName":"TERRAINKING CANADA","url":"https:\/\/tkcanada.com\/","logo":{"@type":"ImageObject","inLanguage":"fr-FR","@id":"https:\/\/tkcanada.com\/#\/schema\/logo\/image\/","url":"https:\/\/tkcanada.com\/wp-content\/uploads\/2025\/06\/Logo-5.png","contentUrl":"https:\/\/tkcanada.com\/wp-content\/uploads\/2025\/06\/Logo-5.png","width":330,"height":80,"caption":"TERRAINKING CANADA"},"image":{"@id":"https:\/\/tkcanada.com\/#\/schema\/logo\/image\/"},"sameAs":["https:\/\/www.facebook.com\/terrain.king","https:\/\/www.linkedin.com\/showcase\/terrain-king\/","https:\/\/www.instagram.com\/terrain.king\/","https:\/\/youtu.be\/nhLqv8on1WE"]}]}},"_links":{"self":[{"href":"https:\/\/tkcanada.com\/fr\/wp-json\/wp\/v2\/pages\/4336","targetHints":{"allow":["GET"]}}],"collection":[{"href":"https:\/\/tkcanada.com\/fr\/wp-json\/wp\/v2\/pages"}],"about":[{"href":"https:\/\/tkcanada.com\/fr\/wp-json\/wp\/v2\/types\/page"}],"author":[{"embeddable":true,"href":"https:\/\/tkcanada.com\/fr\/wp-json\/wp\/v2\/users\/1"}],"replies":[{"embeddable":true,"href":"https:\/\/tkcanada.com\/fr\/wp-json\/wp\/v2\/comments?post=4336"}],"version-history":[{"count":3,"href":"https:\/\/tkcanada.com\/fr\/wp-json\/wp\/v2\/pages\/4336\/revisions"}],"predecessor-version":[{"id":4516,"href":"https:\/\/tkcanada.com\/fr\/wp-json\/wp\/v2\/pages\/4336\/revisions\/4516"}],"wp:attachment":[{"href":"https:\/\/tkcanada.com\/fr\/wp-json\/wp\/v2\/media?parent=4336"}],"curies":[{"name":"wp","href":"https:\/\/api.w.org\/{rel}","templated":true}]}}