{"id":4388,"date":"2025-08-01T06:51:41","date_gmt":"2025-08-01T06:51:41","guid":{"rendered":"https:\/\/tkcanada.com\/contact\/"},"modified":"2026-03-25T10:06:34","modified_gmt":"2026-03-25T10:06:34","slug":"contact","status":"publish","type":"page","link":"https:\/\/tkcanada.com\/fr\/contact\/","title":{"rendered":"Contact"},"content":{"rendered":"\t\t<div data-elementor-type=\"wp-page\" data-elementor-id=\"4388\" class=\"elementor elementor-4388 elementor-2609\" data-elementor-post-type=\"page\">\n\t\t\t\t<div class=\"elementor-element elementor-element-4743d19 e-con-full e-flex e-con e-parent\" data-id=\"4743d19\" data-element_type=\"container\" data-e-type=\"container\">\n\t\t<div class=\"elementor-element elementor-element-f3bbd8e e-flex e-con-boxed e-con e-child\" data-id=\"f3bbd8e\" data-element_type=\"container\" data-e-type=\"container\">\n\t\t\t\t\t<div class=\"e-con-inner\">\n\t\t\t\t<div class=\"elementor-element elementor-element-c52b0be elementor-widget elementor-widget-heading\" data-id=\"c52b0be\" data-element_type=\"widget\" data-e-type=\"widget\" data-widget_type=\"heading.default\">\n\t\t\t\t<div class=\"elementor-widget-container\">\n\t\t\t\t\t<h1 class=\"elementor-heading-title elementor-size-default\">CONTACTEZ-NOUS<\/h1>\t\t\t\t<\/div>\n\t\t\t\t<\/div>\n\t\t\t\t\t<\/div>\n\t\t\t\t<\/div>\n\t\t\t\t<\/div>\n\t\t<div class=\"elementor-element elementor-element-7a0d113 e-con-full e-flex e-con e-parent\" data-id=\"7a0d113\" data-element_type=\"container\" data-e-type=\"container\">\n\t\t<div class=\"elementor-element elementor-element-37904c7 e-flex e-con-boxed e-con e-child\" data-id=\"37904c7\" data-element_type=\"container\" data-e-type=\"container\">\n\t\t\t\t\t<div class=\"e-con-inner\">\n\t\t\t\t<div class=\"elementor-element elementor-element-cb7c790 elementor-widget-mobile__width-initial elementor-widget elementor-widget-heading\" data-id=\"cb7c790\" data-element_type=\"widget\" data-e-type=\"widget\" data-widget_type=\"heading.default\">\n\t\t\t\t<div class=\"elementor-widget-container\">\n\t\t\t\t\t<h2 class=\"elementor-heading-title elementor-size-default\">Entrez en contact avec Terrain King Canada<\/h2>\t\t\t\t<\/div>\n\t\t\t\t<\/div>\n\t\t\t\t<div class=\"elementor-element elementor-element-48085b6 elementor-widget__width-initial elementor-widget elementor-widget-text-editor\" data-id=\"48085b6\" data-element_type=\"widget\" data-e-type=\"widget\" data-widget_type=\"text-editor.default\">\n\t\t\t\t<div class=\"elementor-widget-container\">\n\t\t\t\t\t\t\t\t\t<p>Que vous soyez un concessionnaire ou un utilisateur final, nous sommes l\u00e0 pour vous aider \u00e0 en savoir plus sur les \u00e9quipements de fauchage et de gestion de la v\u00e9g\u00e9tation de pointe de Terrain King. Des <strong>faucheuses \u00e0 bras articul\u00e9<\/strong> et <strong>broyeurs \u00e0 fl\u00e9aux<\/strong> aux <strong>faucheuses rotatives<\/strong>, <strong>t\u00eates de coupe<\/strong> et <strong>supports sp\u00e9cialis\u00e9s<\/strong>, notre \u00e9quipe est pr\u00eate \u00e0 vous fournir les informations et le soutien dont vous avez besoin. <\/p>\t\t\t\t\t\t\t\t<\/div>\n\t\t\t\t<\/div>\n\t\t\t\t<div class=\"elementor-element elementor-element-ffeebcc elementor-widget__width-initial elementor-widget elementor-widget-text-editor\" data-id=\"ffeebcc\" data-element_type=\"widget\" data-e-type=\"widget\" data-widget_type=\"text-editor.default\">\n\t\t\t\t<div class=\"elementor-widget-container\">\n\t\t\t\t\t\t\t\t\t<p>Veuillez remplir le formulaire ci-dessous et l\u2019un de nos sp\u00e9cialistes vous contactera sous peu.<\/p>\t\t\t\t\t\t\t\t<\/div>\n\t\t\t\t<\/div>\n\t\t\t\t<div class=\"elementor-element elementor-element-9ce8ae2 elementor-button-align-center cust-second-contact-form elementor-widget elementor-widget-form\" data-id=\"9ce8ae2\" data-element_type=\"widget\" data-e-type=\"widget\" data-settings=\"{&quot;step_next_label&quot;:&quot;Suivant&quot;,&quot;step_previous_label&quot;:&quot;Pr\\u00e9c\\u00e9dent&quot;,&quot;button_width&quot;:&quot;100&quot;,&quot;step_type&quot;:&quot;number_text&quot;,&quot;step_icon_shape&quot;:&quot;circle&quot;}\" data-widget_type=\"form.default\">\n\t\t\t\t<div class=\"elementor-widget-container\">\n\t\t\t\t\t\t\t<form class=\"elementor-form\" method=\"post\" name=\"Formulaire d\u2019information \" aria-label=\"Formulaire d\u2019information \">\n\t\t\t<input type=\"hidden\" name=\"post_id\" value=\"4388\"\/>\n\t\t\t<input type=\"hidden\" name=\"form_id\" value=\"9ce8ae2\"\/>\n\t\t\t<input type=\"hidden\" name=\"referer_title\" value=\"Terrainking Canada\" \/>\n\n\t\t\t\n\t\t\t<div class=\"elementor-form-fields-wrapper elementor-labels-\">\n\t\t\t\t\t\t\t\t<div class=\"elementor-field-type-text elementor-field-group elementor-column elementor-field-group-name elementor-col-50 elementor-field-required\">\n\t\t\t\t\t\t\t\t\t\t\t\t<label for=\"form-field-name\" class=\"elementor-field-label elementor-screen-only\">\n\t\t\t\t\t\t\t\tPr\u00e9nom\t\t\t\t\t\t\t<\/label>\n\t\t\t\t\t\t\t\t\t\t\t\t\t\t<input size=\"1\" type=\"text\" name=\"form_fields[name]\" id=\"form-field-name\" class=\"elementor-field elementor-size-md  elementor-field-textual\" placeholder=\"Pr\u00e9nom\" required=\"required\">\n\t\t\t\t\t\t\t\t\t\t\t<\/div>\n\t\t\t\t\t\t\t\t<div class=\"elementor-field-type-text elementor-field-group elementor-column elementor-field-group-field_cb3cd25 elementor-col-50 elementor-field-required\">\n\t\t\t\t\t\t\t\t\t\t\t\t<label for=\"form-field-field_cb3cd25\" class=\"elementor-field-label elementor-screen-only\">\n\t\t\t\t\t\t\t\tNom\t\t\t\t\t\t\t<\/label>\n\t\t\t\t\t\t\t\t\t\t\t\t\t\t<input size=\"1\" type=\"text\" name=\"form_fields[field_cb3cd25]\" id=\"form-field-field_cb3cd25\" class=\"elementor-field elementor-size-md  elementor-field-textual\" placeholder=\"Nom\" required=\"required\">\n\t\t\t\t\t\t\t\t\t\t\t<\/div>\n\t\t\t\t\t\t\t\t<div class=\"elementor-field-type-text elementor-field-group elementor-column elementor-field-group-field_fc8c882 elementor-col-100\">\n\t\t\t\t\t\t\t\t\t\t\t\t<label for=\"form-field-field_fc8c882\" class=\"elementor-field-label elementor-screen-only\">\n\t\t\t\t\t\t\t\tNom de l\u2019entreprise\t\t\t\t\t\t\t<\/label>\n\t\t\t\t\t\t\t\t\t\t\t\t\t\t<input size=\"1\" type=\"text\" name=\"form_fields[field_fc8c882]\" id=\"form-field-field_fc8c882\" class=\"elementor-field elementor-size-md  elementor-field-textual\" placeholder=\"Nom de l\u2019entreprise\">\n\t\t\t\t\t\t\t\t\t\t\t<\/div>\n\t\t\t\t\t\t\t\t<div class=\"elementor-field-type-email elementor-field-group elementor-column elementor-field-group-email elementor-col-100 elementor-field-required\">\n\t\t\t\t\t\t\t\t\t\t\t\t<label for=\"form-field-email\" class=\"elementor-field-label elementor-screen-only\">\n\t\t\t\t\t\t\t\tAdresse e-mail\t\t\t\t\t\t\t<\/label>\n\t\t\t\t\t\t\t\t\t\t\t\t\t\t<input size=\"1\" type=\"email\" name=\"form_fields[email]\" id=\"form-field-email\" class=\"elementor-field elementor-size-md  elementor-field-textual\" placeholder=\"Adresse e-mail\" required=\"required\">\n\t\t\t\t\t\t\t\t\t\t\t<\/div>\n\t\t\t\t\t\t\t\t<div class=\"elementor-field-type-tel elementor-field-group elementor-column elementor-field-group-field_c53c458 elementor-col-100\">\n\t\t\t\t\t\t\t\t\t\t\t\t<label for=\"form-field-field_c53c458\" class=\"elementor-field-label elementor-screen-only\">\n\t\t\t\t\t\t\t\tNum\u00e9ro de t\u00e9l\u00e9phone\t\t\t\t\t\t\t<\/label>\n\t\t\t\t\t\t\t\t<input size=\"1\" type=\"tel\" name=\"form_fields[field_c53c458]\" id=\"form-field-field_c53c458\" class=\"elementor-field elementor-size-md  elementor-field-textual\" placeholder=\"Num\u00e9ro de t\u00e9l\u00e9phone\" pattern=\"[0-9()#&amp;+*-=.]+\" title=\"Only numbers and phone characters (#, -, *, etc) are accepted.\">\n\n\t\t\t\t\t\t<\/div>\n\t\t\t\t\t\t\t\t<div class=\"elementor-field-type-text elementor-field-group elementor-column elementor-field-group-message elementor-col-100\">\n\t\t\t\t\t\t\t\t\t\t\t\t<label for=\"form-field-message\" class=\"elementor-field-label elementor-screen-only\">\n\t\t\t\t\t\t\t\tMarque et mod\u00e8le de la machine\t\t\t\t\t\t\t<\/label>\n\t\t\t\t\t\t\t\t\t\t\t\t\t\t<input size=\"1\" type=\"text\" name=\"form_fields[message]\" id=\"form-field-message\" class=\"elementor-field elementor-size-md  elementor-field-textual\" placeholder=\"Marque et mod\u00e8le de la machine\">\n\t\t\t\t\t\t\t\t\t\t\t<\/div>\n\t\t\t\t\t\t\t\t<div class=\"elementor-field-type-checkbox elementor-field-group elementor-column elementor-field-group-field_0a17559 elementor-col-100\">\n\t\t\t\t\t\t\t\t\t\t\t\t<label for=\"form-field-field_0a17559\" class=\"elementor-field-label elementor-screen-only\">\n\t\t\t\t\t\t\t\tType de client\t\t\t\t\t\t\t<\/label>\n\t\t\t\t\t\t<div class=\"elementor-field-subgroup  elementor-subgroup-inline\"><span class=\"elementor-field-option\"><input type=\"checkbox\" value=\"Utilisateur final\" id=\"form-field-field_0a17559-0\" name=\"form_fields[field_0a17559][]\"> <label for=\"form-field-field_0a17559-0\">Utilisateur final<\/label><\/span><span class=\"elementor-field-option\"><input type=\"checkbox\" value=\"Concessionnaire\" id=\"form-field-field_0a17559-1\" name=\"form_fields[field_0a17559][]\"> <label for=\"form-field-field_0a17559-1\">Concessionnaire<\/label><\/span><\/div>\t\t\t\t<\/div>\n\t\t\t\t\t\t\t\t<div class=\"elementor-field-type-textarea elementor-field-group elementor-column elementor-field-group-field_536219d elementor-col-100\">\n\t\t\t\t\t\t\t\t\t\t\t\t<label for=\"form-field-field_536219d\" class=\"elementor-field-label elementor-screen-only\">\n\t\t\t\t\t\t\t\tComment pouvons-nous vous aider ?\t\t\t\t\t\t\t<\/label>\n\t\t\t\t\t\t<textarea class=\"elementor-field-textual elementor-field  elementor-size-md\" name=\"form_fields[field_536219d]\" id=\"form-field-field_536219d\" rows=\"4\" placeholder=\"Comment pouvons-nous vous aider ?\"><\/textarea>\t\t\t\t<\/div>\n\t\t\t\t\t\t\t\t<div class=\"elementor-field-group elementor-column elementor-field-type-submit elementor-col-100 e-form__buttons\">\n\t\t\t\t\t<button class=\"elementor-button elementor-size-sm\" type=\"submit\">\n\t\t\t\t\t\t<span class=\"elementor-button-content-wrapper\">\n\t\t\t\t\t\t\t\t\t\t\t\t\t\t\t\t\t\t\t\t\t\t<span class=\"elementor-button-text\">Envoyer la demande<\/span>\n\t\t\t\t\t\t\t\t\t\t\t\t\t<\/span>\n\t\t\t\t\t<\/button>\n\t\t\t\t<\/div>\n\t\t\t<\/div>\n\t\t<\/form>\n\t\t\t\t\t\t<\/div>\n\t\t\t\t<\/div>\n\t\t\t\t\t<\/div>\n\t\t\t\t<\/div>\n\t\t\t\t<\/div>\n\t\t\t\t<\/div>\n\t\t","protected":false},"excerpt":{"rendered":"<p>CONTACTEZ-NOUS Entrez en contact avec Terrain King Canada Que vous soyez un concessionnaire ou un utilisateur final, nous sommes l\u00e0 pour vous aider \u00e0 en savoir plus sur les \u00e9quipements de fauchage et de gestion de la v\u00e9g\u00e9tation de pointe de Terrain King. Des faucheuses \u00e0 bras articul\u00e9 et broyeurs \u00e0 fl\u00e9aux aux faucheuses rotatives, [&hellip;]<\/p>\n","protected":false},"author":1,"featured_media":0,"parent":0,"menu_order":0,"comment_status":"closed","ping_status":"closed","template":"elementor_header_footer","meta":{"_acf_changed":false,"footnotes":""},"class_list":["post-4388","page","type-page","status-publish","hentry"],"acf":[],"yoast_head":"<!-- This site is optimized with the Yoast SEO plugin v27.2 - https:\/\/yoast.com\/product\/yoast-seo-wordpress\/ -->\n<title>Contacter Terrain King Canada | Demandes de concessionnaires et d\u2019assistance<\/title>\n<meta name=\"description\" content=\"Contactez Terrain King Canada pour vos questions sur les produits, l\u2019assistance aux concessionnaires et les demandes d\u2019\u00e9quipement. Nous sommes l\u00e0 pour vous aider partout au Canada.\" \/>\n<meta name=\"robots\" content=\"index, follow, max-snippet:-1, max-image-preview:large, max-video-preview:-1\" \/>\n<link rel=\"canonical\" href=\"https:\/\/tkcanada.com\/fr\/contact\/\" \/>\n<meta property=\"og:locale\" content=\"fr_FR\" \/>\n<meta property=\"og:type\" content=\"article\" \/>\n<meta property=\"og:title\" content=\"Contacter Terrain King Canada | Demandes de concessionnaires et d\u2019assistance\" \/>\n<meta property=\"og:description\" content=\"Contactez Terrain King Canada pour vos questions sur les produits, l\u2019assistance aux concessionnaires et les demandes d\u2019\u00e9quipement. Nous sommes l\u00e0 pour vous aider partout au Canada.\" \/>\n<meta property=\"og:url\" content=\"https:\/\/tkcanada.com\/fr\/contact\/\" \/>\n<meta property=\"og:site_name\" content=\"Terrainking Canada\" \/>\n<meta property=\"article:publisher\" content=\"https:\/\/www.facebook.com\/terrain.king\" \/>\n<meta property=\"article:modified_time\" content=\"2026-03-25T10:06:34+00:00\" \/>\n<meta name=\"twitter:card\" content=\"summary_large_image\" \/>\n<script type=\"application\/ld+json\" class=\"yoast-schema-graph\">{\"@context\":\"https:\/\/schema.org\",\"@graph\":[{\"@type\":\"WebPage\",\"@id\":\"https:\/\/tkcanada.com\/fr\/contact\/\",\"url\":\"https:\/\/tkcanada.com\/fr\/contact\/\",\"name\":\"Contacter Terrain King Canada | Demandes de concessionnaires et d\u2019assistance\",\"isPartOf\":{\"@id\":\"https:\/\/tkcanada.com\/#website\"},\"datePublished\":\"2025-08-01T06:51:41+00:00\",\"dateModified\":\"2026-03-25T10:06:34+00:00\",\"description\":\"Contactez Terrain King Canada pour vos questions sur les produits, l\u2019assistance aux concessionnaires et les demandes d\u2019\u00e9quipement. Nous sommes l\u00e0 pour vous aider partout au Canada.\",\"breadcrumb\":{\"@id\":\"https:\/\/tkcanada.com\/fr\/contact\/#breadcrumb\"},\"inLanguage\":\"fr-FR\",\"potentialAction\":[{\"@type\":\"ReadAction\",\"target\":[\"https:\/\/tkcanada.com\/fr\/contact\/\"]}]},{\"@type\":\"BreadcrumbList\",\"@id\":\"https:\/\/tkcanada.com\/fr\/contact\/#breadcrumb\",\"itemListElement\":[{\"@type\":\"ListItem\",\"position\":1,\"name\":\"Home\",\"item\":\"https:\/\/tkcanada.com\/fr\/accueil\/\"},{\"@type\":\"ListItem\",\"position\":2,\"name\":\"Contact\"}]},{\"@type\":\"WebSite\",\"@id\":\"https:\/\/tkcanada.com\/#website\",\"url\":\"https:\/\/tkcanada.com\/\",\"name\":\"Terrainking Canada\",\"description\":\"Terrainking Canada\",\"publisher\":{\"@id\":\"https:\/\/tkcanada.com\/#organization\"},\"potentialAction\":[{\"@type\":\"SearchAction\",\"target\":{\"@type\":\"EntryPoint\",\"urlTemplate\":\"https:\/\/tkcanada.com\/?s={search_term_string}\"},\"query-input\":{\"@type\":\"PropertyValueSpecification\",\"valueRequired\":true,\"valueName\":\"search_term_string\"}}],\"inLanguage\":\"fr-FR\"},{\"@type\":\"Organization\",\"@id\":\"https:\/\/tkcanada.com\/#organization\",\"name\":\"TERRAINKING CANADA\",\"alternateName\":\"TERRAINKING CANADA\",\"url\":\"https:\/\/tkcanada.com\/\",\"logo\":{\"@type\":\"ImageObject\",\"inLanguage\":\"fr-FR\",\"@id\":\"https:\/\/tkcanada.com\/#\/schema\/logo\/image\/\",\"url\":\"https:\/\/tkcanada.com\/wp-content\/uploads\/2025\/06\/Logo-5.png\",\"contentUrl\":\"https:\/\/tkcanada.com\/wp-content\/uploads\/2025\/06\/Logo-5.png\",\"width\":330,\"height\":80,\"caption\":\"TERRAINKING CANADA\"},\"image\":{\"@id\":\"https:\/\/tkcanada.com\/#\/schema\/logo\/image\/\"},\"sameAs\":[\"https:\/\/www.facebook.com\/terrain.king\",\"https:\/\/www.linkedin.com\/showcase\/terrain-king\/\",\"https:\/\/www.instagram.com\/terrain.king\/\",\"https:\/\/youtu.be\/nhLqv8on1WE\"]}]}<\/script>\n<!-- \/ Yoast SEO plugin. -->","yoast_head_json":{"title":"Contacter Terrain King Canada | Demandes de concessionnaires et d\u2019assistance","description":"Contactez Terrain King Canada pour vos questions sur les produits, l\u2019assistance aux concessionnaires et les demandes d\u2019\u00e9quipement. Nous sommes l\u00e0 pour vous aider partout au Canada.","robots":{"index":"index","follow":"follow","max-snippet":"max-snippet:-1","max-image-preview":"max-image-preview:large","max-video-preview":"max-video-preview:-1"},"canonical":"https:\/\/tkcanada.com\/fr\/contact\/","og_locale":"fr_FR","og_type":"article","og_title":"Contacter Terrain King Canada | Demandes de concessionnaires et d\u2019assistance","og_description":"Contactez Terrain King Canada pour vos questions sur les produits, l\u2019assistance aux concessionnaires et les demandes d\u2019\u00e9quipement. Nous sommes l\u00e0 pour vous aider partout au Canada.","og_url":"https:\/\/tkcanada.com\/fr\/contact\/","og_site_name":"Terrainking Canada","article_publisher":"https:\/\/www.facebook.com\/terrain.king","article_modified_time":"2026-03-25T10:06:34+00:00","twitter_card":"summary_large_image","schema":{"@context":"https:\/\/schema.org","@graph":[{"@type":"WebPage","@id":"https:\/\/tkcanada.com\/fr\/contact\/","url":"https:\/\/tkcanada.com\/fr\/contact\/","name":"Contacter Terrain King Canada | Demandes de concessionnaires et d\u2019assistance","isPartOf":{"@id":"https:\/\/tkcanada.com\/#website"},"datePublished":"2025-08-01T06:51:41+00:00","dateModified":"2026-03-25T10:06:34+00:00","description":"Contactez Terrain King Canada pour vos questions sur les produits, l\u2019assistance aux concessionnaires et les demandes d\u2019\u00e9quipement. Nous sommes l\u00e0 pour vous aider partout au Canada.","breadcrumb":{"@id":"https:\/\/tkcanada.com\/fr\/contact\/#breadcrumb"},"inLanguage":"fr-FR","potentialAction":[{"@type":"ReadAction","target":["https:\/\/tkcanada.com\/fr\/contact\/"]}]},{"@type":"BreadcrumbList","@id":"https:\/\/tkcanada.com\/fr\/contact\/#breadcrumb","itemListElement":[{"@type":"ListItem","position":1,"name":"Home","item":"https:\/\/tkcanada.com\/fr\/accueil\/"},{"@type":"ListItem","position":2,"name":"Contact"}]},{"@type":"WebSite","@id":"https:\/\/tkcanada.com\/#website","url":"https:\/\/tkcanada.com\/","name":"Terrainking Canada","description":"Terrainking Canada","publisher":{"@id":"https:\/\/tkcanada.com\/#organization"},"potentialAction":[{"@type":"SearchAction","target":{"@type":"EntryPoint","urlTemplate":"https:\/\/tkcanada.com\/?s={search_term_string}"},"query-input":{"@type":"PropertyValueSpecification","valueRequired":true,"valueName":"search_term_string"}}],"inLanguage":"fr-FR"},{"@type":"Organization","@id":"https:\/\/tkcanada.com\/#organization","name":"TERRAINKING CANADA","alternateName":"TERRAINKING CANADA","url":"https:\/\/tkcanada.com\/","logo":{"@type":"ImageObject","inLanguage":"fr-FR","@id":"https:\/\/tkcanada.com\/#\/schema\/logo\/image\/","url":"https:\/\/tkcanada.com\/wp-content\/uploads\/2025\/06\/Logo-5.png","contentUrl":"https:\/\/tkcanada.com\/wp-content\/uploads\/2025\/06\/Logo-5.png","width":330,"height":80,"caption":"TERRAINKING CANADA"},"image":{"@id":"https:\/\/tkcanada.com\/#\/schema\/logo\/image\/"},"sameAs":["https:\/\/www.facebook.com\/terrain.king","https:\/\/www.linkedin.com\/showcase\/terrain-king\/","https:\/\/www.instagram.com\/terrain.king\/","https:\/\/youtu.be\/nhLqv8on1WE"]}]}},"_links":{"self":[{"href":"https:\/\/tkcanada.com\/fr\/wp-json\/wp\/v2\/pages\/4388","targetHints":{"allow":["GET"]}}],"collection":[{"href":"https:\/\/tkcanada.com\/fr\/wp-json\/wp\/v2\/pages"}],"about":[{"href":"https:\/\/tkcanada.com\/fr\/wp-json\/wp\/v2\/types\/page"}],"author":[{"embeddable":true,"href":"https:\/\/tkcanada.com\/fr\/wp-json\/wp\/v2\/users\/1"}],"replies":[{"embeddable":true,"href":"https:\/\/tkcanada.com\/fr\/wp-json\/wp\/v2\/comments?post=4388"}],"version-history":[{"count":1,"href":"https:\/\/tkcanada.com\/fr\/wp-json\/wp\/v2\/pages\/4388\/revisions"}],"predecessor-version":[{"id":4389,"href":"https:\/\/tkcanada.com\/fr\/wp-json\/wp\/v2\/pages\/4388\/revisions\/4389"}],"wp:attachment":[{"href":"https:\/\/tkcanada.com\/fr\/wp-json\/wp\/v2\/media?parent=4388"}],"curies":[{"name":"wp","href":"https:\/\/api.w.org\/{rel}","templated":true}]}}